{"id":13812,"date":"2021-06-11T15:00:59","date_gmt":"2021-06-11T13:00:59","guid":{"rendered":"https:\/\/www.ideascanner.com\/stat-zaehler-abschnitt\/"},"modified":"2022-08-02T22:18:47","modified_gmt":"2022-08-02T20:18:47","slug":"stat-zaehler-abschnitt","status":"publish","type":"page","link":"https:\/\/www.ideascanner.com\/de\/stat-zaehler-abschnitt\/","title":{"rendered":"Stat-Z\u00e4hler-Abschnitt"},"content":{"rendered":"<div id=\"pl-gb13812-69f43efb76541\"  class=\"panel-layout\" ><div id=\"pg-gb13812-69f43efb76541-0\"  class=\"panel-grid panel-no-style\" ><div id=\"pgc-gb13812-69f43efb76541-0-0\"  class=\"panel-grid-cell\" ><div id=\"panel-gb13812-69f43efb76541-0-0-0\" class=\"so-panel widget widget_accesspress_stat_counter panel-first-child panel-last-child\" data-index=\"0\" >        <div class=\"wow bounceIn ap-stat-counter\">\r\n                            <div class=\"ap-stat_counter-icon\">\r\n                    <i class=\"fa fa-rocket\"><\/i>\r\n                <\/div>\r\n            \r\n                            <div class=\"ap-stat_counter-number\">\r\n                    <span class=\"counter\">137000<\/span>\r\n                <\/div>\r\n        \r\n                            <h5 class=\"ap-stat_counter-title\">\r\n                Startups werden weltweit pro Tag gegr\u00fcndet (Global Entrepreneurship Monitor, GEM 2020)                <\/h5>\r\n                        <\/div>\r\n            <\/div><\/div><div id=\"pgc-gb13812-69f43efb76541-0-1\"  class=\"panel-grid-cell\" ><div id=\"panel-gb13812-69f43efb76541-0-1-0\" class=\"so-panel widget widget_accesspress_stat_counter panel-first-child panel-last-child\" data-index=\"1\" >        <div class=\"wow bounceIn ap-stat-counter\">\r\n                            <div class=\"ap-stat_counter-icon\">\r\n                    <i class=\"fa fa-usd\"><\/i>\r\n                <\/div>\r\n            \r\n                            <div class=\"ap-stat_counter-number\">\r\n                    <span class=\"counter\">300<\/span>\r\n                <\/div>\r\n        \r\n                            <h5 class=\"ap-stat_counter-title\">\r\n                Mrd. USD\/Jahr werden an Venture Capital in Startups investiert (Global Startup Ecosystem Report, GSER 2020)                <\/h5>\r\n                        <\/div>\r\n            <\/div><\/div><div id=\"pgc-gb13812-69f43efb76541-0-2\"  class=\"panel-grid-cell\" ><div id=\"panel-gb13812-69f43efb76541-0-2-0\" class=\"so-panel widget widget_accesspress_stat_counter panel-first-child panel-last-child\" data-index=\"2\" >        <div class=\"wow bounceIn ap-stat-counter\">\r\n                            <div class=\"ap-stat_counter-icon\">\r\n                    <i class=\"fa fa-bolt\"><\/i>\r\n                <\/div>\r\n            \r\n                            <div class=\"ap-stat_counter-number\">\r\n                    <span class=\"counter\">88<\/span>\r\n                <\/div>\r\n        \r\n                            <h5 class=\"ap-stat_counter-title\">\r\n                % aller Startups scheitern, das sind weltweit ca. 120.000 Unternehmen jeden Tag (GEM 2020)                <\/h5>\r\n                        <\/div>\r\n            <\/div><\/div><div id=\"pgc-gb13812-69f43efb76541-0-3\"  class=\"panel-grid-cell\" ><div id=\"panel-gb13812-69f43efb76541-0-3-0\" class=\"so-panel widget widget_accesspress_stat_counter panel-first-child panel-last-child\" data-index=\"3\" >        <div class=\"wow bounceIn ap-stat-counter\">\r\n                            <div class=\"ap-stat_counter-icon\">\r\n                    <i class=\"fa fa-lemon-o\"><\/i>\r\n                <\/div>\r\n            \r\n                            <div class=\"ap-stat_counter-number\">\r\n                    <span class=\"counter\">263<\/span>\r\n                <\/div>\r\n        \r\n                            <h5 class=\"ap-stat_counter-title\">\r\n                Milliarden USD h\u00e4tten erfolgreicher in neue Gesch\u00e4ftsideen investiert werden k\u00f6nnen                <\/h5>\r\n                        <\/div>\r\n            <\/div><\/div><\/div><\/div>","protected":false},"excerpt":{"rendered":"","protected":false},"author":1,"featured_media":0,"parent":0,"menu_order":0,"comment_status":"closed","ping_status":"closed","template":"home-page.php","meta":{"om_disable_all_campaigns":false,"_monsterinsights_skip_tracking":false,"_monsterinsights_sitenote_active":false,"_monsterinsights_sitenote_note":"","_monsterinsights_sitenote_category":0,"_uf_show_specific_survey":0,"_uf_disable_surveys":false},"yoast_head":"<!-- This site is optimized with the Yoast SEO plugin v19.13 - https:\/\/yoast.com\/wordpress\/plugins\/seo\/ -->\n<title>Stat-Z\u00e4hler-Abschnitt - IDEASCANNER - Think smarter with AI<\/title>\n<meta name=\"robots\" content=\"index, follow, max-snippet:-1, max-image-preview:large, max-video-preview:-1\" \/>\n<link rel=\"canonical\" href=\"https:\/\/www.ideascanner.com\/de\/stat-zaehler-abschnitt\/\" \/>\n<meta property=\"og:locale\" content=\"de_DE\" \/>\n<meta property=\"og:type\" content=\"article\" \/>\n<meta property=\"og:title\" content=\"Stat-Z\u00e4hler-Abschnitt - IDEASCANNER - Think smarter with AI\" \/>\n<meta property=\"og:url\" content=\"https:\/\/www.ideascanner.com\/de\/stat-zaehler-abschnitt\/\" \/>\n<meta property=\"og:site_name\" content=\"IDEASCANNER - Think smarter with AI\" \/>\n<meta property=\"article:modified_time\" content=\"2022-08-02T20:18:47+00:00\" \/>\n<meta name=\"twitter:card\" content=\"summary_large_image\" \/>\n<meta name=\"twitter:label1\" content=\"Gesch\u00e4tzte Lesezeit\" \/>\n\t<meta name=\"twitter:data1\" content=\"1\u00a0Minute\" \/>\n<script type=\"application\/ld+json\" class=\"yoast-schema-graph\">{\"@context\":\"https:\/\/schema.org\",\"@graph\":[{\"@type\":\"WebPage\",\"@id\":\"https:\/\/www.ideascanner.com\/de\/stat-zaehler-abschnitt\/\",\"url\":\"https:\/\/www.ideascanner.com\/de\/stat-zaehler-abschnitt\/\",\"name\":\"Stat-Z\u00e4hler-Abschnitt - IDEASCANNER - Think smarter with AI\",\"isPartOf\":{\"@id\":\"https:\/\/www.ideascanner.com\/#website\"},\"datePublished\":\"2021-06-11T13:00:59+00:00\",\"dateModified\":\"2022-08-02T20:18:47+00:00\",\"breadcrumb\":{\"@id\":\"https:\/\/www.ideascanner.com\/de\/stat-zaehler-abschnitt\/#breadcrumb\"},\"inLanguage\":\"de\",\"potentialAction\":[{\"@type\":\"ReadAction\",\"target\":[\"https:\/\/www.ideascanner.com\/de\/stat-zaehler-abschnitt\/\"]}]},{\"@type\":\"BreadcrumbList\",\"@id\":\"https:\/\/www.ideascanner.com\/de\/stat-zaehler-abschnitt\/#breadcrumb\",\"itemListElement\":[{\"@type\":\"ListItem\",\"position\":1,\"name\":\"Home\",\"item\":\"https:\/\/www.ideascanner.com\/de\/\"},{\"@type\":\"ListItem\",\"position\":2,\"name\":\"Stat-Z\u00e4hler-Abschnitt\"}]},{\"@type\":\"WebSite\",\"@id\":\"https:\/\/www.ideascanner.com\/#website\",\"url\":\"https:\/\/www.ideascanner.com\/\",\"name\":\"IDEASCANNER - Think smarter with AI\",\"description\":\"Steigern Sie Ihren Unternehmenswert mit k\u00fcnstlicher Intelligenz\",\"publisher\":{\"@id\":\"https:\/\/www.ideascanner.com\/#organization\"},\"potentialAction\":[{\"@type\":\"SearchAction\",\"target\":{\"@type\":\"EntryPoint\",\"urlTemplate\":\"https:\/\/www.ideascanner.com\/?s={search_term_string}\"},\"query-input\":\"required name=search_term_string\"}],\"inLanguage\":\"de\"},{\"@type\":\"Organization\",\"@id\":\"https:\/\/www.ideascanner.com\/#organization\",\"name\":\"IDEASCANNER\",\"url\":\"https:\/\/www.ideascanner.com\/\",\"logo\":{\"@type\":\"ImageObject\",\"inLanguage\":\"de\",\"@id\":\"https:\/\/www.ideascanner.com\/#\/schema\/logo\/image\/\",\"url\":\"https:\/\/www.ideascanner.com\/wp-content\/uploads\/2020\/08\/grey_logo_transparent.png\",\"contentUrl\":\"https:\/\/www.ideascanner.com\/wp-content\/uploads\/2020\/08\/grey_logo_transparent.png\",\"width\":3142,\"height\":1575,\"caption\":\"IDEASCANNER\"},\"image\":{\"@id\":\"https:\/\/www.ideascanner.com\/#\/schema\/logo\/image\/\"}}]}<\/script>\n<!-- \/ Yoast SEO plugin. -->","yoast_head_json":{"title":"Stat-Z\u00e4hler-Abschnitt - IDEASCANNER - Think smarter with AI","robots":{"index":"index","follow":"follow","max-snippet":"max-snippet:-1","max-image-preview":"max-image-preview:large","max-video-preview":"max-video-preview:-1"},"canonical":"https:\/\/www.ideascanner.com\/de\/stat-zaehler-abschnitt\/","og_locale":"de_DE","og_type":"article","og_title":"Stat-Z\u00e4hler-Abschnitt - IDEASCANNER - Think smarter with AI","og_url":"https:\/\/www.ideascanner.com\/de\/stat-zaehler-abschnitt\/","og_site_name":"IDEASCANNER - Think smarter with AI","article_modified_time":"2022-08-02T20:18:47+00:00","twitter_card":"summary_large_image","twitter_misc":{"Gesch\u00e4tzte Lesezeit":"1\u00a0Minute"},"schema":{"@context":"https:\/\/schema.org","@graph":[{"@type":"WebPage","@id":"https:\/\/www.ideascanner.com\/de\/stat-zaehler-abschnitt\/","url":"https:\/\/www.ideascanner.com\/de\/stat-zaehler-abschnitt\/","name":"Stat-Z\u00e4hler-Abschnitt - IDEASCANNER - Think smarter with AI","isPartOf":{"@id":"https:\/\/www.ideascanner.com\/#website"},"datePublished":"2021-06-11T13:00:59+00:00","dateModified":"2022-08-02T20:18:47+00:00","breadcrumb":{"@id":"https:\/\/www.ideascanner.com\/de\/stat-zaehler-abschnitt\/#breadcrumb"},"inLanguage":"de","potentialAction":[{"@type":"ReadAction","target":["https:\/\/www.ideascanner.com\/de\/stat-zaehler-abschnitt\/"]}]},{"@type":"BreadcrumbList","@id":"https:\/\/www.ideascanner.com\/de\/stat-zaehler-abschnitt\/#breadcrumb","itemListElement":[{"@type":"ListItem","position":1,"name":"Home","item":"https:\/\/www.ideascanner.com\/de\/"},{"@type":"ListItem","position":2,"name":"Stat-Z\u00e4hler-Abschnitt"}]},{"@type":"WebSite","@id":"https:\/\/www.ideascanner.com\/#website","url":"https:\/\/www.ideascanner.com\/","name":"IDEASCANNER - Think smarter with AI","description":"Steigern Sie Ihren Unternehmenswert mit k\u00fcnstlicher Intelligenz","publisher":{"@id":"https:\/\/www.ideascanner.com\/#organization"},"potentialAction":[{"@type":"SearchAction","target":{"@type":"EntryPoint","urlTemplate":"https:\/\/www.ideascanner.com\/?s={search_term_string}"},"query-input":"required name=search_term_string"}],"inLanguage":"de"},{"@type":"Organization","@id":"https:\/\/www.ideascanner.com\/#organization","name":"IDEASCANNER","url":"https:\/\/www.ideascanner.com\/","logo":{"@type":"ImageObject","inLanguage":"de","@id":"https:\/\/www.ideascanner.com\/#\/schema\/logo\/image\/","url":"https:\/\/www.ideascanner.com\/wp-content\/uploads\/2020\/08\/grey_logo_transparent.png","contentUrl":"https:\/\/www.ideascanner.com\/wp-content\/uploads\/2020\/08\/grey_logo_transparent.png","width":3142,"height":1575,"caption":"IDEASCANNER"},"image":{"@id":"https:\/\/www.ideascanner.com\/#\/schema\/logo\/image\/"}}]}},"_links":{"self":[{"href":"https:\/\/www.ideascanner.com\/de\/wp-json\/wp\/v2\/pages\/13812"}],"collection":[{"href":"https:\/\/www.ideascanner.com\/de\/wp-json\/wp\/v2\/pages"}],"about":[{"href":"https:\/\/www.ideascanner.com\/de\/wp-json\/wp\/v2\/types\/page"}],"author":[{"embeddable":true,"href":"https:\/\/www.ideascanner.com\/de\/wp-json\/wp\/v2\/users\/1"}],"replies":[{"embeddable":true,"href":"https:\/\/www.ideascanner.com\/de\/wp-json\/wp\/v2\/comments?post=13812"}],"version-history":[{"count":27,"href":"https:\/\/www.ideascanner.com\/de\/wp-json\/wp\/v2\/pages\/13812\/revisions"}],"predecessor-version":[{"id":28118,"href":"https:\/\/www.ideascanner.com\/de\/wp-json\/wp\/v2\/pages\/13812\/revisions\/28118"}],"wp:attachment":[{"href":"https:\/\/www.ideascanner.com\/de\/wp-json\/wp\/v2\/media?parent=13812"}],"curies":[{"name":"wp","href":"https:\/\/api.w.org\/{rel}","templated":true}]}}