{"id":21144,"date":"2022-03-21T21:00:12","date_gmt":"2022-03-21T19:00:12","guid":{"rendered":"https:\/\/www.ideascanner.com\/frequently-asked-questions-faqs\/"},"modified":"2022-03-25T23:23:58","modified_gmt":"2022-03-25T21:23:58","slug":"steigerung-des-unternehmenswertes","status":"publish","type":"page","link":"https:\/\/www.ideascanner.com\/de\/steigerung-des-unternehmenswertes\/","title":{"rendered":"H\u00e4ufig gestellte Fragen (FAQ)"},"content":{"rendered":"<div id=\"pl-gb21144-69dce68a122e3\"  class=\"panel-layout\" ><div id=\"pg-gb21144-69dce68a122e3-0\"  class=\"panel-grid panel-no-style\" ><div id=\"pgc-gb21144-69dce68a122e3-0-0\"  class=\"panel-grid-cell\" ><div id=\"panel-gb21144-69dce68a122e3-0-0-0\" class=\"so-panel widget widget_black-studio-tinymce widget_black_studio_tinymce panel-first-child panel-last-child\" data-index=\"0\" ><div class=\"textwidget\"><h3>FAQ f\u00fcr KMU<\/h3>\n<p><div class=\"divider\" style=\"margin-top:10px; margin-bottom:20px; border-top:1px solid #333;width:100%\"\/><\/div><\/p>\n<p><div class=\"ap_toggle open\"><div class=\"ap_toggle_title\">Was ist IDEASCANNER Expert &amp; Strategy f\u00fcr kleine und mittlere Unternehmen (KMU)?<\/div><div class=\"ap_toggle_content\">Wir zeigen Ihnen, wie Sie den Wert Ihres Unternehmens signifikant steigern k\u00f6nnen und helfen Ihnen, eine nachhaltige Monopolstellung zu schaffen. Als Expert as a Service stellen unsere Expert:innen Ihr aktuelles Gesch\u00e4ftsmodell auf den Pr\u00fcfstand. Als Ergebnis erhalten Sie Ihren IDEASCANNER Expert Report. Dieser zeigt in konkreten Schritten auf, wie die Gesch\u00e4ftspositionierung verbessert und der Unternehmenswert gesteigert werden k\u00f6nnen. Das daraus resultierende Feedback ist die Basis f\u00fcr die gemeinsame Umsetzung von Ma\u00dfnahmen im Rahmen der IDEASCANNER Strategy. Kontaktieren Sie uns f\u00fcr ein gratis Erstgespr\u00e4ch <a href=\"https:\/\/www.ideascanner.com\/de\/#section-892\" rel=\"noopener\">hier<\/a>!<\/div><\/div><\/p>\n<p><div class=\"ap_toggle close\"><div class=\"ap_toggle_title\">Wann ist der beste Zeitpunkt f\u00fcr eine Zusammenarbeit?<\/div><div class=\"ap_toggle_content\">M\u00fcssen Sie Ihr aktuelles Gesch\u00e4ftsmodell \u00e4ndern? Wollen Sie Ihre Firma oder Familienunternehmen verkaufen oder an die n\u00e4chste Generation \u00fcbergeben? Dann <a href=\"https:\/\/www.ideascanner.com\/de\/#section-892\" target=\"_blank\" rel=\"noopener\">sprechen Sie mit uns<\/a>: Wir schaffen neue Perspektiven f\u00fcr Ihr Unternehmen und Ihr Gesch\u00e4ftsmodell und damit die Voraussetzung f\u00fcr die Erzielung eines h\u00f6heren Unternehmenswertes.<\/div><\/div><\/p>\n<p><div class=\"ap_toggle close\"><div class=\"ap_toggle_title\">Wie k\u00f6nnen wir loslegen?<\/div><div class=\"ap_toggle_content\"><a href=\"https:\/\/www.ideascanner.com\/de\/#section-892\" target=\"_blank\" rel=\"noopener\">Kontaktieren Sie uns<\/a> mit Ihrer gesch\u00e4ftlichen E-Mail. Wir werden intern einen Pre-Scan durchf\u00fchren. Nur wenn wir bereits erste Perspektiven f\u00fcr eine signifikante Wertsteigerung sehen, starten wir mit Ihnen den n\u00e4chsten Schritt f\u00fcr Ihren IDEASCANNER Expert Report.<\/div><\/div><\/p>\n<p><div class=\"ap_toggle close\"><div class=\"ap_toggle_title\">Welche Aussagen enth\u00e4lt der IDEASCANNER Expert Report?<\/div><div class=\"ap_toggle_content\"><ol>\n<li>Verschiedene Scores erm\u00f6glichen eine erste Einstufung des Unternehmens im Hinblick auf sein Wertsteigerungspotenzial. Diese Scores werden in einer Management Zusammenfassung visuell dargestellt.<\/li>\n<li>Anschlie\u00dfend werden die erfolgskritischen Attribute zur Wertsteigerung aufgelistet. Je nach Anzahl der Scores analysiert der Report auf ca. 50-150 Seiten Ihr aktuelles Gesch\u00e4ftsmodell und zeigt weitere Entwicklungsperspektiven in den Bereichen Innovation, Vertrieb und operative Exzellenz auf.<\/li>\n<li>Abschlie\u00dfend erhalten Sie konkrete Vorschl\u00e4ge f\u00fcr m\u00f6gliche Umsetzungsma\u00dfnahmen. Melden Sie sich f\u00fcr eine Terminvereinbarung f\u00fcr Ihr <a href=\"https:\/\/www.ideascanner.com\/de\/#section-892\">gratis Erstgespr\u00e4ch<\/a>.<\/div><\/div><\/li>\n<\/ol>\n<p><div class=\"ap_toggle close\"><div class=\"ap_toggle_title\">Kann ich mit IDEASCANNER auch Nachhaltigkeit messen?<\/div><div class=\"ap_toggle_content\">Ja, auf Wunsch erhalten Sie mit Ihrem IDEASCANNER Expert Report zus\u00e4tzlich zu Ihrem pers\u00f6nlichen Company Score auch Ihren Sustainablity Score. Gerade im Bereich der Nachhaltigkeit sind in letzter Zeit viele zus\u00e4tzliche erfolgskritische Faktoren hinzugekommen, die konkrete Kennzahlen und Verbesserungsm\u00f6glichkeiten aufzeigen.<\/div><\/div><\/p>\n<p><div class=\"ap_toggle close\"><div class=\"ap_toggle_title\">Ist IDEASCANNER Expert auch f\u00fcr Start-ups geeignet?<\/div><div class=\"ap_toggle_content\">Ja, insbesondere wenn es um die Vorbereitung des Pitches f\u00fcr eine Finanzierungsrunde geht. Mit IDEASCANNER demokratisieren wir das Hoheitswissen erfolgreicher Venture Capitalists (VCs) und erm\u00f6glichen Gr\u00fcnder:innen Fragen von VCs auf Augenh\u00f6he zu beantworten. Wir zeigen wir auf, an welchen Stellen im Pitch Investor:innen ein Investment ablehnen. Der IDEASCANNER Expert Report hilft Ihnen den Pitch zu verbessern und eine erfolgreiche Finanzierungsrunde durchzuf\u00fchren. Kontaktieren Sie uns f\u00fcr den Scan Ihrer Start-up-Idee <a href=\"https:\/\/www.ideascanner.com\/de\/#section-892\" rel=\"noopener\">hier<\/a>!<\/div><\/div><\/p>\n<p><div class=\"ap_toggle close\"><div class=\"ap_toggle_title\">Wie kann ich Kund:innen\/Gesch\u00e4ftspartner:innen empfehlen?<\/div><div class=\"ap_toggle_content\"><a href=\"https:\/\/www.ideascanner.com\/de\/#section-892\">Kontaktieren Sie uns<\/a> mit einem Link zur Website des Unternehmens, dessen Gesch\u00e4ftspositionierung analysiert und verbessert werden muss. Wir f\u00fchren einen internen Pre-Scan durch. Wenn wir Aussichten auf eine deutliche Wertsteigerung sehen, k\u00f6nnen wir ein unverbindliches Erstgespr\u00e4ch vereinbaren. Im Falle eines Auftrages profitieren ebenso Sie davon.<\/div><\/div><\/p>\n<p><div class=\"ap_toggle close\"><div class=\"ap_toggle_title\">Was kostet IDEASCANNER Expert &amp; Strategy?<\/div><div class=\"ap_toggle_content\">IDEASCANNER Expert as a Service wird online durchgef\u00fchrt. F\u00fcr den IDEASCANNER Expert Report starten wir zusammen mit einer Videokonferenz. Das hei\u00dft, es fallen keine zus\u00e4tzlichen Reisekosten an. Unsere Expert:innen sind erfahrene Unternehmer:innen, die auch unternehmerisch denken. D.h. f\u00fcr jede 10 EUR, die Sie durch IDEASCANNER Strategy mehr verdienen, erhalten wir 0,5 EUR. Kontaktieren Sie uns f\u00fcr ein gratis Erstgespr\u00e4ch <a href=\"https:\/\/www.ideascanner.com\/de\/#section-892\" rel=\"noopener\">hier<\/a>!<\/div><\/div><\/p>\n<p><div class=\"ap_toggle close\"><div class=\"ap_toggle_title\">Welchen Mehrwert bringt mir IDEASCANNER Expert &amp; Strategy?<\/div><div class=\"ap_toggle_content\">Mit dem IDEASCANNER Expert Report helfen wir Eigent\u00fcmer:innen den Wert des Unternehmens zu steigern. Gemeinsam mit Ihnen machen wir Ihr Unternehmen mit IDEASCANNER Strategy fit f\u00fcr die Zukunft. Dazu zeigen wir Ihnen auf, worauf Sie sich fokussieren k\u00f6nnen, um neue Perspektiven f\u00fcr sich und die n\u00e4chste Generation Ihres Unternehmens zu schaffen oder zeigen K\u00e4ufer:innen, wo nachhaltige Ertragspotenziale des Unternehmens zuk\u00fcnftig entstehen k\u00f6nnen. Weitere Fragen? Wir freuen uns auf <a href=\"https:\/\/www.ideascanner.com\/de\/#section-892\">Ihre Nachricht<\/a>.<\/div><\/div><\/p>\n<p><hr class=\"ap-spacing\" style=\"height:30px\"\/><\/p>\n<\/div><\/div><\/div><div id=\"pgc-gb21144-69dce68a122e3-0-1\"  class=\"panel-grid-cell\" ><div id=\"panel-gb21144-69dce68a122e3-0-1-0\" class=\"so-panel widget widget_black-studio-tinymce widget_black_studio_tinymce panel-first-child panel-last-child\" data-index=\"1\" ><div class=\"textwidget\"><h3>FAQ f\u00fcr Bildungsanbieter:innen<\/h3>\n<p><div class=\"divider\" style=\"margin-top:10px; margin-bottom:20px; border-top:1px solid #333;width:100%\"\/><\/div><\/p>\n<p><div class=\"ap_toggle open\"><div class=\"ap_toggle_title\">Was ist IDEASCANNER SaaS f\u00fcr Bildungsanbieter:innen?<\/div><div class=\"ap_toggle_content\">Wir bef\u00e4higen Sie smarter zu denken, um Gesch\u00e4ftsideen und Startups nachhaltiger erfolgreicher zu entwickeln. Mit IDEASCANNER Software as a Service (SaaS) k\u00f6nnen Sie als F\u00fchrungskraft oder Gr\u00fcnder:in Gesch\u00e4ftsideen in 10-15 Minuten selbst mit Ihrem Smartphone scannen. Als Ergebnis erhalten Sie eine erste Einstufung der Gesch\u00e4ftsidee durch den IDEASCANNER Score sowie konkrete Vorschl\u00e4ge, wie die Gesch\u00e4ftsidee verbessert werden k\u00f6nnte. Zahlreiche weiterf\u00fchrende Links und Videos erm\u00f6glichen es Ihnen, schnell zu lernen, wie erfahrene Investor:innen Gesch\u00e4ftsideen analysieren. Kontaktieren Sie uns f\u00fcr Ihre gratis online Demo <a href=\"https:\/\/www.ideascanner.com\/de\/#section-892\">hier<\/a>!<\/div><\/div><\/p>\n<p><div class=\"ap_toggle close\"><div class=\"ap_toggle_title\">Welchen Reifegrad sollten Ideen f\u00fcr das Scanning haben?<\/div><div class=\"ap_toggle_content\">IDEASCANNER hilft, sowohl neue als auch bestehende Gesch\u00e4ftsmodelle auf den Pr\u00fcfstand zu stellen. IDEASCANNER erm\u00f6glicht eine erste Analyse und Priorisierung von sehr fr\u00fchen Ideen, z.B. im Rahmen von Design Thinking, vor Lean Startup und vor teurem Prototyping. &#8220;Fail fast&#8221; k\u00f6nnen Sie sich sparen, je fr\u00fcher Sie Gesch\u00e4ftsideen scannen.<\/div><\/div><\/p>\n<p><div class=\"ap_toggle close\"><div class=\"ap_toggle_title\">Wie k\u00f6nnen wir loslegen?<\/div><div class=\"ap_toggle_content\"><a href=\"https:\/\/www.ideascanner.com\/de\/#section-892\">Kontaktieren Sie uns<\/a>, um eine gratis online Demo als ersten Schritt zu vereinbaren. Als n\u00e4chstes k\u00f6nnen Sie IDEASCANNER SaaS f\u00fcr Ihr Unternehmen oder Ihre Bildungseinrichtung lizenzieren. Zur Einf\u00fchrung beginnen wir mit einem Webinar, in dem wir gemeinsam Ideen mit IDEASCANNER scannen.<\/div><\/div><\/p>\n<p><div class=\"ap_toggle close\"><div class=\"ap_toggle_title\">Wie funktioniert der IDEASCANNER als digitales Tool?<\/div><div class=\"ap_toggle_content\"><ol>\n<li>Log-in per E-Mail auf der IDEASCANNER-Lizenzseite.<\/li>\n<li>Beantwortung von Ja\/Nein-Fragen zur Gesch\u00e4ftsidee.<\/li>\n<li>Nach der automatischen Analyse Ihrer Eingaben erhalten Sie ein Feedback mit konkreten Vorschl\u00e4gen zur Verbesserung der Idee.<\/li>\n<li>Parallel erhalten Sie Ihr IDEASCANNER Certificate mit dem Score f\u00fcr Ihre Idee per E-Mail.<\/li>\n<li>Teams k\u00f6nnen mit einem speziell entwickelten Formular, dem IDEASCANNER Triangulation Sheet, die Idee gemeinsam verbessern und scannen. Durch diese Vorgehensweise mit weiteren Scans k\u00f6nnen die Scores von Gesch\u00e4ftsideen bereits beim zweiten Scan im Durchschnitt um 15-20% gesteigert werden. Melden Sie sich f\u00fcr eine Terminvereinbarung zur <a href=\"https:\/\/www.ideascanner.com\/de\/#section-892\">gratis online Demo<\/a>!<\/div><\/div><\/li>\n<\/ol>\n<p><div class=\"ap_toggle close\"><div class=\"ap_toggle_title\">Hilft IDEASCANNER auch beim Thema Nachhaltigkeit?<\/div><div class=\"ap_toggle_content\">Ja, mit IDEASCANNER sind Sie stets auf dem neuesten Marktforschungsstand, von Trends, Metriken bis hin zu Insiderbegriffen. Da IDEASCANNER auf der Mustererkennung von erfolgskritischen Faktoren von Gesch\u00e4ftsmodellen basiert, kann er insbesondere auch sozialen und Impact-Ideen zu nachhaltig wirtschaftlichem Erfolg verhelfen.<\/div><\/div><\/p>\n<p><div class=\"ap_toggle close\"><div class=\"ap_toggle_title\">K\u00f6nnen Hochschul-\/Unternehmens-Verbunde das Tool gemeinsam nutzen?<\/div><div class=\"ap_toggle_content\">Ja, insbesondere Innovations-, Technologie- und Gr\u00fcndungszentren, die im Verbund mit mehreren Universit\u00e4ten, Firmen oder Verb\u00e4nden arbeiten, k\u00f6nnen von einer Verbund-Lizenz profitieren. Das Gleiche gilt f\u00fcr internationale Gesch\u00e4ftseinheiten von Konzernen. IDEASCANNER ist ein Bildungsinstrument, das einen Wissenstransfer erm\u00f6glicht, f\u00fcr den die Nutzer:innen selbst Jahre brauchen w\u00fcrden. Fragen Sie nach unserem speziellen Bildungsrabatt. Kontaktieren Sie uns <a href=\"https:\/\/www.ideascanner.com\/de\/#section-892\">hier<\/a>.<\/div><\/div><\/p>\n<p><div class=\"ap_toggle close\"><div class=\"ap_toggle_title\">Wie kann ich als Student:in\/Arbeitnehmer:in meine Idee scannen?<\/div><div class=\"ap_toggle_content\">Wenn Ihre Bildungseinrichtung oder Arbeitgeber:in den IDEASCANNER bereits lizenziert hat, ist der Scan f\u00fcr Sie gratis und per Link \u00fcber die lokale Ansprechpartner:in einfach zug\u00e4nglich. Sollte dies noch nicht der Fall sein, holen wir das gerne gemeinsam mit unserer gratis online Demo f\u00fcr alle Interessierten nach. <a href=\"https:\/\/www.ideascanner.com\/de\/#section-892\">Kontaktieren Sie uns<\/a> und profitieren Sie als Erste\/r davon!<\/div><\/div><\/p>\n<p><div class=\"ap_toggle close\"><div class=\"ap_toggle_title\">Was kostet IDEASCANNER SaaS?<\/div><div class=\"ap_toggle_content\">Wir wollen mit unserem digitalen Tool das unternehmerische Denken so fr\u00fch wie m\u00f6glich f\u00f6rdern. Erkundigen Sie sich nach unserer Verbundlizenz und dem speziellen Rabatt f\u00fcr Bildungseinrichtungen. Kontaktieren Sie uns f\u00fcr Ihre Corporate Innovation oder Entrepreneurship Education <a href=\"https:\/\/www.ideascanner.com\/de\/#section-892\">hier<\/a>.<\/div><\/div><\/p>\n<p><div class=\"ap_toggle close\"><div class=\"ap_toggle_title\">Welchen Mehrwert bringt mir IDEASCANNER Software as a Service (SaaS)?<\/div><div class=\"ap_toggle_content\">IDEASCANNER macht Gesch\u00e4ftsideen erstmals messbar, erm\u00f6glicht deren strukturierte Verbesserung und schult bei wiederholter Anwendung das unternehmerische Denken. Im Ergebnis f\u00fchrt dies zu besseren Ideen. Der Score macht Ideen vergleichbar und einfach priorisierbar. Auch interdisziplin\u00e4re Teams profitieren von diesem Wissenstransfer und von 80% Zeitersparnis. Noch Fragen? Wir freuen uns auf <a href=\"https:\/\/www.ideascanner.com\/de\/#section-892\">Ihre Nachricht<\/a>.<\/div><\/div><\/p>\n<p><hr class=\"ap-spacing\" style=\"height:30px\"\/><\/p>\n<\/div><\/div><\/div><\/div><\/div>","protected":false},"excerpt":{"rendered":"<p>FAQ f\u00fcr KMU FAQ f\u00fcr Bildungsanbieter:innen<\/p>\n","protected":false},"author":2,"featured_media":0,"parent":0,"menu_order":0,"comment_status":"closed","ping_status":"closed","template":"","meta":{"om_disable_all_campaigns":false,"_monsterinsights_skip_tracking":false,"_monsterinsights_sitenote_active":false,"_monsterinsights_sitenote_note":"","_monsterinsights_sitenote_category":0,"_uf_show_specific_survey":0,"_uf_disable_surveys":false},"yoast_head":"<!-- This site is optimized with the Yoast SEO plugin v19.13 - https:\/\/yoast.com\/wordpress\/plugins\/seo\/ -->\n<title>Steigerung des Unternehmenswertes - IDEASCANNER - Think smarter with AI<\/title>\n<meta name=\"description\" content=\"Was sind die besten Tools zum Testen von Gesch\u00e4ftsideen, zur Gesch\u00e4ftsmodell Transformation oder zur Steigerung des Unternehmenswertes?\" \/>\n<meta name=\"robots\" content=\"index, follow, max-snippet:-1, max-image-preview:large, max-video-preview:-1\" \/>\n<link rel=\"canonical\" href=\"https:\/\/www.ideascanner.com\/de\/steigerung-des-unternehmenswertes\/\" \/>\n<meta property=\"og:locale\" content=\"de_DE\" \/>\n<meta property=\"og:type\" content=\"article\" \/>\n<meta property=\"og:title\" content=\"Steigerung des Unternehmenswertes - IDEASCANNER - Think smarter with AI\" \/>\n<meta property=\"og:description\" content=\"Was sind die besten Tools zum Testen von Gesch\u00e4ftsideen, zur Gesch\u00e4ftsmodell Transformation oder zur Steigerung des Unternehmenswertes?\" \/>\n<meta property=\"og:url\" content=\"https:\/\/www.ideascanner.com\/de\/steigerung-des-unternehmenswertes\/\" \/>\n<meta property=\"og:site_name\" content=\"IDEASCANNER - Think smarter with AI\" \/>\n<meta property=\"article:modified_time\" content=\"2022-03-25T21:23:58+00:00\" \/>\n<meta name=\"twitter:card\" content=\"summary_large_image\" \/>\n<meta name=\"twitter:label1\" content=\"Gesch\u00e4tzte Lesezeit\" \/>\n\t<meta name=\"twitter:data1\" content=\"6\u00a0Minuten\" \/>\n<script type=\"application\/ld+json\" class=\"yoast-schema-graph\">{\"@context\":\"https:\/\/schema.org\",\"@graph\":[{\"@type\":\"WebPage\",\"@id\":\"https:\/\/www.ideascanner.com\/de\/steigerung-des-unternehmenswertes\/\",\"url\":\"https:\/\/www.ideascanner.com\/de\/steigerung-des-unternehmenswertes\/\",\"name\":\"Steigerung des Unternehmenswertes - IDEASCANNER - Think smarter with AI\",\"isPartOf\":{\"@id\":\"https:\/\/www.ideascanner.com\/#website\"},\"datePublished\":\"2022-03-21T19:00:12+00:00\",\"dateModified\":\"2022-03-25T21:23:58+00:00\",\"description\":\"Was sind die besten Tools zum Testen von Gesch\u00e4ftsideen, zur Gesch\u00e4ftsmodell Transformation oder zur Steigerung des Unternehmenswertes?\",\"breadcrumb\":{\"@id\":\"https:\/\/www.ideascanner.com\/de\/steigerung-des-unternehmenswertes\/#breadcrumb\"},\"inLanguage\":\"de\",\"potentialAction\":[{\"@type\":\"ReadAction\",\"target\":[\"https:\/\/www.ideascanner.com\/de\/steigerung-des-unternehmenswertes\/\"]}]},{\"@type\":\"BreadcrumbList\",\"@id\":\"https:\/\/www.ideascanner.com\/de\/steigerung-des-unternehmenswertes\/#breadcrumb\",\"itemListElement\":[{\"@type\":\"ListItem\",\"position\":1,\"name\":\"Home\",\"item\":\"https:\/\/www.ideascanner.com\/de\/\"},{\"@type\":\"ListItem\",\"position\":2,\"name\":\"H\u00e4ufig gestellte Fragen (FAQ)\"}]},{\"@type\":\"WebSite\",\"@id\":\"https:\/\/www.ideascanner.com\/#website\",\"url\":\"https:\/\/www.ideascanner.com\/\",\"name\":\"IDEASCANNER - Think smarter with AI\",\"description\":\"Steigern Sie Ihren Unternehmenswert mit k\u00fcnstlicher Intelligenz\",\"publisher\":{\"@id\":\"https:\/\/www.ideascanner.com\/#organization\"},\"potentialAction\":[{\"@type\":\"SearchAction\",\"target\":{\"@type\":\"EntryPoint\",\"urlTemplate\":\"https:\/\/www.ideascanner.com\/?s={search_term_string}\"},\"query-input\":\"required name=search_term_string\"}],\"inLanguage\":\"de\"},{\"@type\":\"Organization\",\"@id\":\"https:\/\/www.ideascanner.com\/#organization\",\"name\":\"IDEASCANNER\",\"url\":\"https:\/\/www.ideascanner.com\/\",\"logo\":{\"@type\":\"ImageObject\",\"inLanguage\":\"de\",\"@id\":\"https:\/\/www.ideascanner.com\/#\/schema\/logo\/image\/\",\"url\":\"https:\/\/www.ideascanner.com\/wp-content\/uploads\/2020\/08\/grey_logo_transparent.png\",\"contentUrl\":\"https:\/\/www.ideascanner.com\/wp-content\/uploads\/2020\/08\/grey_logo_transparent.png\",\"width\":3142,\"height\":1575,\"caption\":\"IDEASCANNER\"},\"image\":{\"@id\":\"https:\/\/www.ideascanner.com\/#\/schema\/logo\/image\/\"}}]}<\/script>\n<!-- \/ Yoast SEO plugin. -->","yoast_head_json":{"title":"Steigerung des Unternehmenswertes - IDEASCANNER - Think smarter with AI","description":"Was sind die besten Tools zum Testen von Gesch\u00e4ftsideen, zur Gesch\u00e4ftsmodell Transformation oder zur Steigerung des Unternehmenswertes?","robots":{"index":"index","follow":"follow","max-snippet":"max-snippet:-1","max-image-preview":"max-image-preview:large","max-video-preview":"max-video-preview:-1"},"canonical":"https:\/\/www.ideascanner.com\/de\/steigerung-des-unternehmenswertes\/","og_locale":"de_DE","og_type":"article","og_title":"Steigerung des Unternehmenswertes - IDEASCANNER - Think smarter with AI","og_description":"Was sind die besten Tools zum Testen von Gesch\u00e4ftsideen, zur Gesch\u00e4ftsmodell Transformation oder zur Steigerung des Unternehmenswertes?","og_url":"https:\/\/www.ideascanner.com\/de\/steigerung-des-unternehmenswertes\/","og_site_name":"IDEASCANNER - Think smarter with AI","article_modified_time":"2022-03-25T21:23:58+00:00","twitter_card":"summary_large_image","twitter_misc":{"Gesch\u00e4tzte Lesezeit":"6\u00a0Minuten"},"schema":{"@context":"https:\/\/schema.org","@graph":[{"@type":"WebPage","@id":"https:\/\/www.ideascanner.com\/de\/steigerung-des-unternehmenswertes\/","url":"https:\/\/www.ideascanner.com\/de\/steigerung-des-unternehmenswertes\/","name":"Steigerung des Unternehmenswertes - IDEASCANNER - Think smarter with AI","isPartOf":{"@id":"https:\/\/www.ideascanner.com\/#website"},"datePublished":"2022-03-21T19:00:12+00:00","dateModified":"2022-03-25T21:23:58+00:00","description":"Was sind die besten Tools zum Testen von Gesch\u00e4ftsideen, zur Gesch\u00e4ftsmodell Transformation oder zur Steigerung des Unternehmenswertes?","breadcrumb":{"@id":"https:\/\/www.ideascanner.com\/de\/steigerung-des-unternehmenswertes\/#breadcrumb"},"inLanguage":"de","potentialAction":[{"@type":"ReadAction","target":["https:\/\/www.ideascanner.com\/de\/steigerung-des-unternehmenswertes\/"]}]},{"@type":"BreadcrumbList","@id":"https:\/\/www.ideascanner.com\/de\/steigerung-des-unternehmenswertes\/#breadcrumb","itemListElement":[{"@type":"ListItem","position":1,"name":"Home","item":"https:\/\/www.ideascanner.com\/de\/"},{"@type":"ListItem","position":2,"name":"H\u00e4ufig gestellte Fragen (FAQ)"}]},{"@type":"WebSite","@id":"https:\/\/www.ideascanner.com\/#website","url":"https:\/\/www.ideascanner.com\/","name":"IDEASCANNER - Think smarter with AI","description":"Steigern Sie Ihren Unternehmenswert mit k\u00fcnstlicher Intelligenz","publisher":{"@id":"https:\/\/www.ideascanner.com\/#organization"},"potentialAction":[{"@type":"SearchAction","target":{"@type":"EntryPoint","urlTemplate":"https:\/\/www.ideascanner.com\/?s={search_term_string}"},"query-input":"required name=search_term_string"}],"inLanguage":"de"},{"@type":"Organization","@id":"https:\/\/www.ideascanner.com\/#organization","name":"IDEASCANNER","url":"https:\/\/www.ideascanner.com\/","logo":{"@type":"ImageObject","inLanguage":"de","@id":"https:\/\/www.ideascanner.com\/#\/schema\/logo\/image\/","url":"https:\/\/www.ideascanner.com\/wp-content\/uploads\/2020\/08\/grey_logo_transparent.png","contentUrl":"https:\/\/www.ideascanner.com\/wp-content\/uploads\/2020\/08\/grey_logo_transparent.png","width":3142,"height":1575,"caption":"IDEASCANNER"},"image":{"@id":"https:\/\/www.ideascanner.com\/#\/schema\/logo\/image\/"}}]}},"_links":{"self":[{"href":"https:\/\/www.ideascanner.com\/de\/wp-json\/wp\/v2\/pages\/21144"}],"collection":[{"href":"https:\/\/www.ideascanner.com\/de\/wp-json\/wp\/v2\/pages"}],"about":[{"href":"https:\/\/www.ideascanner.com\/de\/wp-json\/wp\/v2\/types\/page"}],"author":[{"embeddable":true,"href":"https:\/\/www.ideascanner.com\/de\/wp-json\/wp\/v2\/users\/2"}],"replies":[{"embeddable":true,"href":"https:\/\/www.ideascanner.com\/de\/wp-json\/wp\/v2\/comments?post=21144"}],"version-history":[{"count":95,"href":"https:\/\/www.ideascanner.com\/de\/wp-json\/wp\/v2\/pages\/21144\/revisions"}],"predecessor-version":[{"id":21561,"href":"https:\/\/www.ideascanner.com\/de\/wp-json\/wp\/v2\/pages\/21144\/revisions\/21561"}],"wp:attachment":[{"href":"https:\/\/www.ideascanner.com\/de\/wp-json\/wp\/v2\/media?parent=21144"}],"curies":[{"name":"wp","href":"https:\/\/api.w.org\/{rel}","templated":true}]}}