{"id":31605,"date":"2022-10-24T21:32:47","date_gmt":"2022-10-24T19:32:47","guid":{"rendered":"https:\/\/www.ideascanner.com\/erfolgsfaktoren-von-unternehmen\/"},"modified":"2026-03-09T15:18:43","modified_gmt":"2026-03-09T13:18:43","slug":"erfolgsfaktoren-von-unternehmen","status":"publish","type":"page","link":"https:\/\/www.ideascanner.com\/de\/erfolgsfaktoren-von-unternehmen\/","title":{"rendered":"Erfolgsfaktoren von Unternehmen"},"content":{"rendered":"<div id=\"pl-31603\" class=\"panel-layout\">\n<div id=\"pg-31603-0\" class=\"panel-grid panel-no-style\">\n<div id=\"pgc-31603-0-0\" class=\"panel-grid-cell\" data-weight=\"1\">\n<div id=\"panel-31603-0-0-0\" class=\"so-panel widget widget_black-studio-tinymce widget_black_studio_tinymce panel-first-child panel-last-child\" data-index=\"0\" data-style=\"{\">\n<p class=\"textwidget\" style=\"text-align: center;\">IDEASCANNER beschleunigt deine digitale Transformation und nachhaltige Innovation mit k\u00fcnstlicher Intelligenz (KI). Hierf\u00fcr stellen wir dein aktuelles Gesch\u00e4ftsmodell auf den Pr\u00fcfstand und machen Gesch\u00e4ftsideen &amp; Positionierungen erstmals messbar. IDEASCANNER ist Europas gr\u00f6\u00dftes privat finanziertes Forschungsprojekt zu Erfolgsfaktoren von Unternehmen mit einem einzigartigen, propriet\u00e4ren Datensatz von entscheidenden Faktoren f\u00fcr unternehmerischen Erfolg und ist laut Mandant:innen: <em>\u201eein Muss \u2013 in allen Phasen von der Idee bis zum Wachstum\u201d<\/em>, <em>\u201esehr wertvoll\u201d<\/em>, <em>\u201eein Eye Opener &amp; viel effektiver als alles andere\u201d<\/em>.<\/p>\n<\/div>\n<\/div>\n<\/div>\n<\/div>\n","protected":false},"excerpt":{"rendered":"<p>IDEASCANNER beschleunigt deine digitale Transformation und nachhaltige Innovation mit k\u00fcnstlicher Intelligenz (KI). Hierf\u00fcr stellen wir dein aktuelles Gesch\u00e4ftsmodell auf den Pr\u00fcfstand und machen Gesch\u00e4ftsideen &amp; Positionierungen erstmals messbar. IDEASCANNER ist Europas gr\u00f6\u00dftes privat finanziertes Forschungsprojekt zu Erfolgsfaktoren von Unternehmen mit einem einzigartigen, propriet\u00e4ren Datensatz von entscheidenden Faktoren f\u00fcr unternehmerischen Erfolg und ist laut Mandant:innen: \u201eein&#8230;<\/p>\n","protected":false},"author":2,"featured_media":0,"parent":0,"menu_order":0,"comment_status":"closed","ping_status":"closed","template":"","meta":{"om_disable_all_campaigns":false,"_monsterinsights_skip_tracking":false,"_monsterinsights_sitenote_active":false,"_monsterinsights_sitenote_note":"","_monsterinsights_sitenote_category":0,"_uf_show_specific_survey":0,"_uf_disable_surveys":false},"yoast_head":"<!-- This site is optimized with the Yoast SEO plugin v19.13 - https:\/\/yoast.com\/wordpress\/plugins\/seo\/ -->\n<title>Erfolgsfaktoren von Unternehmen - IDEASCANNER - Think smarter with AI<\/title>\n<meta name=\"description\" content=\"IDEASCANNER ist das derzeit gr\u00f6\u00dfte privat finanzierte europ\u00e4ische Forschungsprojekt \u00fcber Erfolgsfaktoren von Unternehmen und im Ergebnis laut\" \/>\n<meta name=\"robots\" content=\"index, follow, max-snippet:-1, max-image-preview:large, max-video-preview:-1\" \/>\n<link rel=\"canonical\" href=\"https:\/\/www.ideascanner.com\/de\/erfolgsfaktoren-von-unternehmen\/\" \/>\n<meta property=\"og:locale\" content=\"de_DE\" \/>\n<meta property=\"og:type\" content=\"article\" \/>\n<meta property=\"og:title\" content=\"Erfolgsfaktoren von Unternehmen - IDEASCANNER - Think smarter with AI\" \/>\n<meta property=\"og:description\" content=\"IDEASCANNER ist das derzeit gr\u00f6\u00dfte privat finanzierte europ\u00e4ische Forschungsprojekt \u00fcber Erfolgsfaktoren von Unternehmen und im Ergebnis laut\" \/>\n<meta property=\"og:url\" content=\"https:\/\/www.ideascanner.com\/de\/erfolgsfaktoren-von-unternehmen\/\" \/>\n<meta property=\"og:site_name\" content=\"IDEASCANNER - Think smarter with AI\" \/>\n<meta property=\"article:modified_time\" content=\"2026-03-09T13:18:43+00:00\" \/>\n<meta name=\"twitter:card\" content=\"summary_large_image\" \/>\n<meta name=\"twitter:label1\" content=\"Gesch\u00e4tzte Lesezeit\" \/>\n\t<meta name=\"twitter:data1\" content=\"1\u00a0Minute\" \/>\n<script type=\"application\/ld+json\" class=\"yoast-schema-graph\">{\"@context\":\"https:\/\/schema.org\",\"@graph\":[{\"@type\":\"WebPage\",\"@id\":\"https:\/\/www.ideascanner.com\/de\/erfolgsfaktoren-von-unternehmen\/\",\"url\":\"https:\/\/www.ideascanner.com\/de\/erfolgsfaktoren-von-unternehmen\/\",\"name\":\"Erfolgsfaktoren von Unternehmen - IDEASCANNER - Think smarter with AI\",\"isPartOf\":{\"@id\":\"https:\/\/www.ideascanner.com\/#website\"},\"datePublished\":\"2022-10-24T19:32:47+00:00\",\"dateModified\":\"2026-03-09T13:18:43+00:00\",\"description\":\"IDEASCANNER ist das derzeit gr\u00f6\u00dfte privat finanzierte europ\u00e4ische Forschungsprojekt \u00fcber Erfolgsfaktoren von Unternehmen und im Ergebnis laut\",\"breadcrumb\":{\"@id\":\"https:\/\/www.ideascanner.com\/de\/erfolgsfaktoren-von-unternehmen\/#breadcrumb\"},\"inLanguage\":\"de\",\"potentialAction\":[{\"@type\":\"ReadAction\",\"target\":[\"https:\/\/www.ideascanner.com\/de\/erfolgsfaktoren-von-unternehmen\/\"]}]},{\"@type\":\"BreadcrumbList\",\"@id\":\"https:\/\/www.ideascanner.com\/de\/erfolgsfaktoren-von-unternehmen\/#breadcrumb\",\"itemListElement\":[{\"@type\":\"ListItem\",\"position\":1,\"name\":\"Home\",\"item\":\"https:\/\/www.ideascanner.com\/de\/\"},{\"@type\":\"ListItem\",\"position\":2,\"name\":\"Erfolgsfaktoren von Unternehmen\"}]},{\"@type\":\"WebSite\",\"@id\":\"https:\/\/www.ideascanner.com\/#website\",\"url\":\"https:\/\/www.ideascanner.com\/\",\"name\":\"IDEASCANNER - Think smarter with AI\",\"description\":\"Steigern Sie Ihren Unternehmenswert mit k\u00fcnstlicher Intelligenz\",\"publisher\":{\"@id\":\"https:\/\/www.ideascanner.com\/#organization\"},\"potentialAction\":[{\"@type\":\"SearchAction\",\"target\":{\"@type\":\"EntryPoint\",\"urlTemplate\":\"https:\/\/www.ideascanner.com\/?s={search_term_string}\"},\"query-input\":\"required name=search_term_string\"}],\"inLanguage\":\"de\"},{\"@type\":\"Organization\",\"@id\":\"https:\/\/www.ideascanner.com\/#organization\",\"name\":\"IDEASCANNER\",\"url\":\"https:\/\/www.ideascanner.com\/\",\"logo\":{\"@type\":\"ImageObject\",\"inLanguage\":\"de\",\"@id\":\"https:\/\/www.ideascanner.com\/#\/schema\/logo\/image\/\",\"url\":\"https:\/\/www.ideascanner.com\/wp-content\/uploads\/2020\/08\/grey_logo_transparent.png\",\"contentUrl\":\"https:\/\/www.ideascanner.com\/wp-content\/uploads\/2020\/08\/grey_logo_transparent.png\",\"width\":3142,\"height\":1575,\"caption\":\"IDEASCANNER\"},\"image\":{\"@id\":\"https:\/\/www.ideascanner.com\/#\/schema\/logo\/image\/\"}}]}<\/script>\n<!-- \/ Yoast SEO plugin. -->","yoast_head_json":{"title":"Erfolgsfaktoren von Unternehmen - IDEASCANNER - Think smarter with AI","description":"IDEASCANNER ist das derzeit gr\u00f6\u00dfte privat finanzierte europ\u00e4ische Forschungsprojekt \u00fcber Erfolgsfaktoren von Unternehmen und im Ergebnis laut","robots":{"index":"index","follow":"follow","max-snippet":"max-snippet:-1","max-image-preview":"max-image-preview:large","max-video-preview":"max-video-preview:-1"},"canonical":"https:\/\/www.ideascanner.com\/de\/erfolgsfaktoren-von-unternehmen\/","og_locale":"de_DE","og_type":"article","og_title":"Erfolgsfaktoren von Unternehmen - IDEASCANNER - Think smarter with AI","og_description":"IDEASCANNER ist das derzeit gr\u00f6\u00dfte privat finanzierte europ\u00e4ische Forschungsprojekt \u00fcber Erfolgsfaktoren von Unternehmen und im Ergebnis laut","og_url":"https:\/\/www.ideascanner.com\/de\/erfolgsfaktoren-von-unternehmen\/","og_site_name":"IDEASCANNER - Think smarter with AI","article_modified_time":"2026-03-09T13:18:43+00:00","twitter_card":"summary_large_image","twitter_misc":{"Gesch\u00e4tzte Lesezeit":"1\u00a0Minute"},"schema":{"@context":"https:\/\/schema.org","@graph":[{"@type":"WebPage","@id":"https:\/\/www.ideascanner.com\/de\/erfolgsfaktoren-von-unternehmen\/","url":"https:\/\/www.ideascanner.com\/de\/erfolgsfaktoren-von-unternehmen\/","name":"Erfolgsfaktoren von Unternehmen - IDEASCANNER - Think smarter with AI","isPartOf":{"@id":"https:\/\/www.ideascanner.com\/#website"},"datePublished":"2022-10-24T19:32:47+00:00","dateModified":"2026-03-09T13:18:43+00:00","description":"IDEASCANNER ist das derzeit gr\u00f6\u00dfte privat finanzierte europ\u00e4ische Forschungsprojekt \u00fcber Erfolgsfaktoren von Unternehmen und im Ergebnis laut","breadcrumb":{"@id":"https:\/\/www.ideascanner.com\/de\/erfolgsfaktoren-von-unternehmen\/#breadcrumb"},"inLanguage":"de","potentialAction":[{"@type":"ReadAction","target":["https:\/\/www.ideascanner.com\/de\/erfolgsfaktoren-von-unternehmen\/"]}]},{"@type":"BreadcrumbList","@id":"https:\/\/www.ideascanner.com\/de\/erfolgsfaktoren-von-unternehmen\/#breadcrumb","itemListElement":[{"@type":"ListItem","position":1,"name":"Home","item":"https:\/\/www.ideascanner.com\/de\/"},{"@type":"ListItem","position":2,"name":"Erfolgsfaktoren von Unternehmen"}]},{"@type":"WebSite","@id":"https:\/\/www.ideascanner.com\/#website","url":"https:\/\/www.ideascanner.com\/","name":"IDEASCANNER - Think smarter with AI","description":"Steigern Sie Ihren Unternehmenswert mit k\u00fcnstlicher Intelligenz","publisher":{"@id":"https:\/\/www.ideascanner.com\/#organization"},"potentialAction":[{"@type":"SearchAction","target":{"@type":"EntryPoint","urlTemplate":"https:\/\/www.ideascanner.com\/?s={search_term_string}"},"query-input":"required name=search_term_string"}],"inLanguage":"de"},{"@type":"Organization","@id":"https:\/\/www.ideascanner.com\/#organization","name":"IDEASCANNER","url":"https:\/\/www.ideascanner.com\/","logo":{"@type":"ImageObject","inLanguage":"de","@id":"https:\/\/www.ideascanner.com\/#\/schema\/logo\/image\/","url":"https:\/\/www.ideascanner.com\/wp-content\/uploads\/2020\/08\/grey_logo_transparent.png","contentUrl":"https:\/\/www.ideascanner.com\/wp-content\/uploads\/2020\/08\/grey_logo_transparent.png","width":3142,"height":1575,"caption":"IDEASCANNER"},"image":{"@id":"https:\/\/www.ideascanner.com\/#\/schema\/logo\/image\/"}}]}},"_links":{"self":[{"href":"https:\/\/www.ideascanner.com\/de\/wp-json\/wp\/v2\/pages\/31605"}],"collection":[{"href":"https:\/\/www.ideascanner.com\/de\/wp-json\/wp\/v2\/pages"}],"about":[{"href":"https:\/\/www.ideascanner.com\/de\/wp-json\/wp\/v2\/types\/page"}],"author":[{"embeddable":true,"href":"https:\/\/www.ideascanner.com\/de\/wp-json\/wp\/v2\/users\/2"}],"replies":[{"embeddable":true,"href":"https:\/\/www.ideascanner.com\/de\/wp-json\/wp\/v2\/comments?post=31605"}],"version-history":[{"count":32,"href":"https:\/\/www.ideascanner.com\/de\/wp-json\/wp\/v2\/pages\/31605\/revisions"}],"predecessor-version":[{"id":95321,"href":"https:\/\/www.ideascanner.com\/de\/wp-json\/wp\/v2\/pages\/31605\/revisions\/95321"}],"wp:attachment":[{"href":"https:\/\/www.ideascanner.com\/de\/wp-json\/wp\/v2\/media?parent=31605"}],"curies":[{"name":"wp","href":"https:\/\/api.w.org\/{rel}","templated":true}]}}