{"id":31708,"date":"2022-10-25T00:17:38","date_gmt":"2022-10-24T22:17:38","guid":{"rendered":"https:\/\/www.ideascanner.com\/ideascanner-saas-fuer-die-naechste-generation-von-unternehmerinnen\/"},"modified":"2026-03-09T14:44:21","modified_gmt":"2026-03-09T12:44:21","slug":"beste-weg-zur-geschaftsideenbewertung-mit-ki","status":"publish","type":"page","link":"https:\/\/www.ideascanner.com\/de\/beste-weg-zur-geschaftsideenbewertung-mit-ki\/","title":{"rendered":"IDEASCANNER AGENT, DIE KI-CO-UNTERNEHMERIN"},"content":{"rendered":"<div id=\"pl-gb31708-69f2967324b7e\"  class=\"panel-layout wp-block-siteorigin-panels-layout-block\" ><div id=\"pg-gb31708-69f2967324b7e-0\"  class=\"panel-grid panel-no-style\" ><div id=\"pgc-gb31708-69f2967324b7e-0-0\"  class=\"panel-grid-cell\" ><div id=\"panel-gb31708-69f2967324b7e-0-0-0\" class=\"so-panel widget widget_black-studio-tinymce widget_black_studio_tinymce panel-first-child panel-last-child\" data-index=\"0\" ><div class=\"textwidget\"><h1 style=\"text-align: center;\">IDEASCANNER Agent, die KI-Co-Unternehmerin<\/h1>\n<p style=\"text-align: center;\"><a href=\"https:\/\/www.ideascanner.com\/wp-content\/uploads\/2020\/02\/rainbow.png\"><img loading=\"lazy\" class=\"alignnone size-medium wp-image-22263 aligncenter\" src=\"https:\/\/www.ideascanner.com\/wp-content\/uploads\/2020\/02\/rainbow-300x4.png\" alt=\"\" width=\"300\" height=\"4\" srcset=\"https:\/\/www.ideascanner.com\/wp-content\/uploads\/2020\/02\/rainbow-300x4.png 300w, https:\/\/www.ideascanner.com\/wp-content\/uploads\/2020\/02\/rainbow-1024x13.png 1024w, https:\/\/www.ideascanner.com\/wp-content\/uploads\/2020\/02\/rainbow-768x9.png 768w, https:\/\/www.ideascanner.com\/wp-content\/uploads\/2020\/02\/rainbow-900x14.png 900w, https:\/\/www.ideascanner.com\/wp-content\/uploads\/2020\/02\/rainbow.png 1145w\" sizes=\"(max-width: 300px) 100vw, 300px\" \/><\/a><\/p>\n<\/div><\/div><\/div><\/div><div id=\"pg-gb31708-69f2967324b7e-1\"  class=\"panel-grid panel-no-style\" ><div id=\"pgc-gb31708-69f2967324b7e-1-0\"  class=\"panel-grid-cell\" ><div id=\"panel-gb31708-69f2967324b7e-1-0-0\" class=\"so-panel widget widget_black-studio-tinymce widget_black_studio_tinymce panel-first-child panel-last-child\" data-index=\"1\" ><div class=\"textwidget\"><p style=\"text-align: center;\"><a href=\"https:\/\/app.ideascanner.com\/\" target=\"_blank\" rel=\"noopener\">IDEASCANNER Agent<\/a> gibt F\u00fchrungskr\u00e4ften &amp; Gr\u00fcnder:innen ein digitales Werkzeug zur selbstst\u00e4ndigen Analyse und Verbesserung von Gesch\u00e4ftsideen an die Hand. Die KI-Co-Unternehmerin schafft Zugang zum Hoheitswissen von erfolgreichen Wagniskapitalgeber:innen f\u00fcr sofortige Antworten auf:<\/p>\n<\/div><\/div><\/div><\/div><div id=\"pg-gb31708-69f2967324b7e-2\"  class=\"panel-grid panel-no-style\" ><div id=\"pgc-gb31708-69f2967324b7e-2-0\"  class=\"panel-grid-cell\" ><div id=\"panel-gb31708-69f2967324b7e-2-0-0\" class=\"so-panel widget widget_black-studio-tinymce widget_black_studio_tinymce panel-first-child\" data-index=\"2\" ><div class=\"textwidget\"><h3 style=\"text-align: center;\">SCAN<\/h3>\n<p style=\"text-align: center;\">Was ist der Status quo der Gesch\u00e4ftsidee?<\/p>\n<\/div><\/div><div id=\"panel-gb31708-69f2967324b7e-2-0-1\" class=\"so-panel widget widget_accesspress_image panel-last-child\" data-index=\"3\" >        \r\n        <div class=\"wow bounceIn ap-align-none\">\r\n                            <img src = \"https:\/\/www.ideascanner.com\/wp-content\/uploads\/2025\/06\/1.-SCAN-with-the-AI-Co-Entrepreneur-IDEASCANNER-1024x576.jpg\" \/>\r\n                    <\/div>\r\n        <\/div><\/div><div id=\"pgc-gb31708-69f2967324b7e-2-1\"  class=\"panel-grid-cell\" ><div id=\"panel-gb31708-69f2967324b7e-2-1-0\" class=\"so-panel widget widget_black-studio-tinymce widget_black_studio_tinymce panel-first-child\" data-index=\"4\" ><div class=\"textwidget\"><h3 style=\"text-align: center;\">SCORE<\/h3>\n<p style=\"text-align: center;\"><span class=\"lt-line-clamp__raw-line\">Welches Verbesserungspotenzial ist m\u00f6glich?<\/span><\/p>\n<\/div><\/div><div id=\"panel-gb31708-69f2967324b7e-2-1-1\" class=\"so-panel widget widget_accesspress_image panel-last-child\" data-index=\"5\" >        \r\n        <div class=\"wow bounceIn ap-align-none\">\r\n                            <img src = \"https:\/\/www.ideascanner.com\/wp-content\/uploads\/2025\/07\/2.-SCORE-with-the-AI-Co-Entrepreneur-IDEASCANNER-1-1024x576.jpg\" \/>\r\n                    <\/div>\r\n        <\/div><\/div><div id=\"pgc-gb31708-69f2967324b7e-2-2\"  class=\"panel-grid-cell\" ><div id=\"panel-gb31708-69f2967324b7e-2-2-0\" class=\"so-panel widget widget_black-studio-tinymce widget_black_studio_tinymce panel-first-child\" data-index=\"6\" ><div class=\"textwidget\"><h3 style=\"text-align: center;\">SCALE<\/h3>\n<p style=\"text-align: center;\"><span class=\"lt-line-clamp__raw-line\">Wie kann die Gesch\u00e4ftsidee verbessert werden?<\/span><\/p>\n<\/div><\/div><div id=\"panel-gb31708-69f2967324b7e-2-2-1\" class=\"so-panel widget widget_accesspress_image panel-last-child\" data-index=\"7\" >        \r\n        <div class=\"wow bounceIn ap-align-none\">\r\n                            <img src = \"https:\/\/www.ideascanner.com\/wp-content\/uploads\/2025\/06\/3.-SCALE-with-the-AI-Co-Entrepreneur-IDEASCANNER-1024x576.jpg\" \/>\r\n                    <\/div>\r\n        <\/div><\/div><\/div><div id=\"pg-gb31708-69f2967324b7e-3\"  class=\"panel-grid panel-no-style\" ><div id=\"pgc-gb31708-69f2967324b7e-3-0\"  class=\"panel-grid-cell\" ><div id=\"panel-gb31708-69f2967324b7e-3-0-0\" class=\"so-panel widget widget_black-studio-tinymce widget_black_studio_tinymce panel-first-child panel-last-child\" data-index=\"8\" ><div class=\"textwidget\"><p style=\"text-align: center;\">IDEASCANNER wird in Accelerator- &amp; Inkubator-Programmen von Unternehmen und Universit\u00e4ten sowie in Transferzentren eingesetzt. M\u00f6chtest du mehr \u00fcber diese bew\u00e4hrte Methode erfahren und wie sie hilft, Ideen zu priorisieren und unternehmerisches Denken in Corporate Innovation &amp; Entrepreneurship Education zu f\u00f6rdern? <a href=\"https:\/\/app.ideascanner.com\/kontakt\" target=\"_blank\" rel=\"noopener\">Kontaktiere uns hier<\/a> oder starte direkt deinen <a href=\"https:\/\/app.ideascanner.com\/\" target=\"_blank\" rel=\"noopener\">GRATIS SCAN<\/a>!<\/p>\n<\/div><\/div><\/div><\/div><div id=\"pg-gb31708-69f2967324b7e-4\"  class=\"panel-grid panel-no-style\" ><div id=\"pgc-gb31708-69f2967324b7e-4-0\"  class=\"panel-grid-cell\" ><div id=\"panel-gb31708-69f2967324b7e-4-0-0\" class=\"so-panel widget widget_accesspress_image panel-first-child\" data-index=\"9\" >        \r\n        <div class=\"wow bounceIn ap-align-center\">\r\n                            <img src = \"https:\/\/www.ideascanner.com\/wp-content\/uploads\/2022\/05\/a-300x81.png\" \/>\r\n                    <\/div>\r\n        <\/div><div id=\"panel-gb31708-69f2967324b7e-4-0-1\" class=\"so-panel widget widget_black-studio-tinymce widget_black_studio_tinymce panel-last-child\" data-index=\"10\" ><div class=\"textwidget\"><p style=\"text-align: center;\"><em>\u201eIDEASCANNER ist ein Eye Opener &amp; viel effektiver als alles andere, ein Business Model Canvas sagt Dir nicht, wie Du Deine Idee verbessern kannst.\u201d<\/em><\/p>\n<\/div><\/div><\/div><div id=\"pgc-gb31708-69f2967324b7e-4-1\"  class=\"panel-grid-cell\" ><div id=\"panel-gb31708-69f2967324b7e-4-1-0\" class=\"so-panel widget widget_accesspress_image panel-first-child\" data-index=\"11\" >        \r\n        <div class=\"wow bounceIn ap-align-center\">\r\n                            <img src = \"https:\/\/www.ideascanner.com\/wp-content\/uploads\/2023\/01\/th-1-300x81.png\" \/>\r\n                    <\/div>\r\n        <\/div><div id=\"panel-gb31708-69f2967324b7e-4-1-1\" class=\"so-panel widget widget_black-studio-tinymce widget_black_studio_tinymce panel-last-child\" data-index=\"12\" ><div class=\"textwidget\"><p style=\"text-align: center;\"><em>\u201eIhr habt es geschafft, ein komplexes Thema auf sinnvolle Attribute herunterzubrechen und diese in einem einfachen, verst\u00e4ndlichen Tool an die Hand zu geben.\u201d<\/em><\/p>\n<\/div><\/div><\/div><div id=\"pgc-gb31708-69f2967324b7e-4-2\"  class=\"panel-grid-cell\" ><div id=\"panel-gb31708-69f2967324b7e-4-2-0\" class=\"so-panel widget widget_accesspress_image panel-first-child\" data-index=\"13\" >        \r\n        <div class=\"wow bounceIn ap-align-center\">\r\n                            <img src = \"https:\/\/www.ideascanner.com\/wp-content\/uploads\/2022\/11\/ur-1-300x81.jpg\" \/>\r\n                    <\/div>\r\n        <\/div><div id=\"panel-gb31708-69f2967324b7e-4-2-1\" class=\"so-panel widget widget_black-studio-tinymce widget_black_studio_tinymce panel-last-child\" data-index=\"14\" ><div class=\"textwidget\"><p style=\"text-align: center;\"><em>\u201eIch liebe das Tool und der Workshop war sehr informativ.\u201d<\/em><\/p>\n<\/div><\/div><\/div><div id=\"pgc-gb31708-69f2967324b7e-4-3\"  class=\"panel-grid-cell\" ><div id=\"panel-gb31708-69f2967324b7e-4-3-0\" class=\"so-panel widget widget_accesspress_image panel-first-child\" data-index=\"15\" >        \r\n        <div class=\"wow bounceIn ap-align-center\">\r\n                            <img src = \"https:\/\/www.ideascanner.com\/wp-content\/uploads\/2023\/01\/uk-1-300x81.png\" \/>\r\n                    <\/div>\r\n        <\/div><div id=\"panel-gb31708-69f2967324b7e-4-3-1\" class=\"so-panel widget widget_black-studio-tinymce widget_black_studio_tinymce panel-last-child\" data-index=\"16\" ><div class=\"textwidget\"><p style=\"text-align: center;\"><em>\u201eWas f\u00fcr ein \u201cWow-Effekt\u201d, wenn das Bauchgef\u00fchl durch die emotionsfreie Objektivit\u00e4t des Scannerergebnisses herausgefordert wird.\u201d<\/em><\/p>\n<\/div><\/div><\/div><div id=\"pgc-gb31708-69f2967324b7e-4-4\"  class=\"panel-grid-cell\" ><div id=\"panel-gb31708-69f2967324b7e-4-4-0\" class=\"so-panel widget widget_accesspress_image panel-first-child\" data-index=\"17\" >        \r\n        <div class=\"wow bounceIn ap-align-center\">\r\n                            <img src = \"https:\/\/www.ideascanner.com\/wp-content\/uploads\/2022\/05\/d-300x81.png\" \/>\r\n                    <\/div>\r\n        <\/div><div id=\"panel-gb31708-69f2967324b7e-4-4-1\" class=\"so-panel widget widget_black-studio-tinymce widget_black_studio_tinymce panel-last-child\" data-index=\"18\" ><div class=\"textwidget\"><p style=\"text-align: center;\"><em>\u201eViele Unternehmen sind Gefangene ihrer Denkwelt. IDEASCANNER hilft da raus.\u201d<\/em><\/p>\n<\/div><\/div><\/div><div id=\"pgc-gb31708-69f2967324b7e-4-5\"  class=\"panel-grid-cell\" ><div id=\"panel-gb31708-69f2967324b7e-4-5-0\" class=\"so-panel widget widget_accesspress_image panel-first-child\" data-index=\"19\" >        \r\n        <div class=\"wow bounceIn ap-align-center\">\r\n                            <img src = \"https:\/\/www.ideascanner.com\/wp-content\/uploads\/2025\/06\/Digital-Business-School-300x81.jpg\" \/>\r\n                    <\/div>\r\n        <\/div><div id=\"panel-gb31708-69f2967324b7e-4-5-1\" class=\"so-panel widget widget_black-studio-tinymce widget_black_studio_tinymce panel-last-child\" data-index=\"20\" ><div class=\"textwidget\"><p style=\"text-align: center;\"><em>\u201eSo viele wertvolle Erkenntnisse bei jedem Scan. Was f\u00fcr ein Wissenstransfer in wenigen Minuten! Sehr, sehr hilfreich.\u201d<\/em><\/p>\n<\/div><\/div><\/div><\/div><\/div>","protected":false},"excerpt":{"rendered":"<p>IDEASCANNER Agent, die KI-Co-Unternehmerin IDEASCANNER Agent gibt F\u00fchrungskr\u00e4ften &amp; Gr\u00fcnder:innen ein digitales Werkzeug zur selbstst\u00e4ndigen Analyse und Verbesserung von Gesch\u00e4ftsideen an die Hand. Die KI-Co-Unternehmerin schafft Zugang zum Hoheitswissen von erfolgreichen Wagniskapitalgeber:innen f\u00fcr sofortige Antworten auf:<\/p>\n","protected":false},"author":2,"featured_media":0,"parent":0,"menu_order":0,"comment_status":"closed","ping_status":"closed","template":"","meta":{"om_disable_all_campaigns":false,"_monsterinsights_skip_tracking":false,"_monsterinsights_sitenote_active":false,"_monsterinsights_sitenote_note":"","_monsterinsights_sitenote_category":0,"_uf_show_specific_survey":0,"_uf_disable_surveys":false},"yoast_head":"<!-- This site is optimized with the Yoast SEO plugin v19.13 - https:\/\/yoast.com\/wordpress\/plugins\/seo\/ -->\n<title>IDEASCANNER AGENT, DIE KI-CO-UNTERNEHMERIN<\/title>\n<meta name=\"description\" content=\"Was ist der beste Weg zur Bewertung von Gesch\u00e4ftsideen? Wie k\u00f6nnen wir das unternehmerische Denken f\u00f6rdern? Jetzt hier die gratis Online-Demo\" \/>\n<meta name=\"robots\" content=\"index, follow, max-snippet:-1, max-image-preview:large, max-video-preview:-1\" \/>\n<link rel=\"canonical\" href=\"https:\/\/www.ideascanner.com\/de\/beste-weg-zur-geschaftsideenbewertung-mit-ki\/\" \/>\n<meta property=\"og:locale\" content=\"de_DE\" \/>\n<meta property=\"og:type\" content=\"article\" \/>\n<meta property=\"og:title\" content=\"IDEASCANNER AGENT, DIE KI-CO-UNTERNEHMERIN\" \/>\n<meta property=\"og:description\" content=\"Was ist der beste Weg zur Bewertung von Gesch\u00e4ftsideen? Wie k\u00f6nnen wir das unternehmerische Denken f\u00f6rdern? Jetzt hier die gratis Online-Demo\" \/>\n<meta property=\"og:url\" content=\"https:\/\/www.ideascanner.com\/de\/beste-weg-zur-geschaftsideenbewertung-mit-ki\/\" \/>\n<meta property=\"og:site_name\" content=\"IDEASCANNER - Think smarter with AI\" \/>\n<meta property=\"article:modified_time\" content=\"2026-03-09T12:44:21+00:00\" \/>\n<meta name=\"twitter:card\" content=\"summary_large_image\" \/>\n<script type=\"application\/ld+json\" class=\"yoast-schema-graph\">{\"@context\":\"https:\/\/schema.org\",\"@graph\":[{\"@type\":\"WebPage\",\"@id\":\"https:\/\/www.ideascanner.com\/de\/beste-weg-zur-geschaftsideenbewertung-mit-ki\/\",\"url\":\"https:\/\/www.ideascanner.com\/de\/beste-weg-zur-geschaftsideenbewertung-mit-ki\/\",\"name\":\"IDEASCANNER AGENT, DIE KI-CO-UNTERNEHMERIN\",\"isPartOf\":{\"@id\":\"https:\/\/www.ideascanner.com\/#website\"},\"datePublished\":\"2022-10-24T22:17:38+00:00\",\"dateModified\":\"2026-03-09T12:44:21+00:00\",\"description\":\"Was ist der beste Weg zur Bewertung von Gesch\u00e4ftsideen? Wie k\u00f6nnen wir das unternehmerische Denken f\u00f6rdern? Jetzt hier die gratis Online-Demo\",\"breadcrumb\":{\"@id\":\"https:\/\/www.ideascanner.com\/de\/beste-weg-zur-geschaftsideenbewertung-mit-ki\/#breadcrumb\"},\"inLanguage\":\"de\",\"potentialAction\":[{\"@type\":\"ReadAction\",\"target\":[\"https:\/\/www.ideascanner.com\/de\/beste-weg-zur-geschaftsideenbewertung-mit-ki\/\"]}]},{\"@type\":\"BreadcrumbList\",\"@id\":\"https:\/\/www.ideascanner.com\/de\/beste-weg-zur-geschaftsideenbewertung-mit-ki\/#breadcrumb\",\"itemListElement\":[{\"@type\":\"ListItem\",\"position\":1,\"name\":\"Home\",\"item\":\"https:\/\/www.ideascanner.com\/de\/\"},{\"@type\":\"ListItem\",\"position\":2,\"name\":\"IDEASCANNER AGENT, DIE KI-CO-UNTERNEHMERIN\"}]},{\"@type\":\"WebSite\",\"@id\":\"https:\/\/www.ideascanner.com\/#website\",\"url\":\"https:\/\/www.ideascanner.com\/\",\"name\":\"IDEASCANNER - Think smarter with AI\",\"description\":\"Steigern Sie Ihren Unternehmenswert mit k\u00fcnstlicher Intelligenz\",\"publisher\":{\"@id\":\"https:\/\/www.ideascanner.com\/#organization\"},\"potentialAction\":[{\"@type\":\"SearchAction\",\"target\":{\"@type\":\"EntryPoint\",\"urlTemplate\":\"https:\/\/www.ideascanner.com\/?s={search_term_string}\"},\"query-input\":\"required name=search_term_string\"}],\"inLanguage\":\"de\"},{\"@type\":\"Organization\",\"@id\":\"https:\/\/www.ideascanner.com\/#organization\",\"name\":\"IDEASCANNER\",\"url\":\"https:\/\/www.ideascanner.com\/\",\"logo\":{\"@type\":\"ImageObject\",\"inLanguage\":\"de\",\"@id\":\"https:\/\/www.ideascanner.com\/#\/schema\/logo\/image\/\",\"url\":\"https:\/\/www.ideascanner.com\/wp-content\/uploads\/2020\/08\/grey_logo_transparent.png\",\"contentUrl\":\"https:\/\/www.ideascanner.com\/wp-content\/uploads\/2020\/08\/grey_logo_transparent.png\",\"width\":3142,\"height\":1575,\"caption\":\"IDEASCANNER\"},\"image\":{\"@id\":\"https:\/\/www.ideascanner.com\/#\/schema\/logo\/image\/\"}}]}<\/script>\n<!-- \/ Yoast SEO plugin. -->","yoast_head_json":{"title":"IDEASCANNER AGENT, DIE KI-CO-UNTERNEHMERIN","description":"Was ist der beste Weg zur Bewertung von Gesch\u00e4ftsideen? Wie k\u00f6nnen wir das unternehmerische Denken f\u00f6rdern? Jetzt hier die gratis Online-Demo","robots":{"index":"index","follow":"follow","max-snippet":"max-snippet:-1","max-image-preview":"max-image-preview:large","max-video-preview":"max-video-preview:-1"},"canonical":"https:\/\/www.ideascanner.com\/de\/beste-weg-zur-geschaftsideenbewertung-mit-ki\/","og_locale":"de_DE","og_type":"article","og_title":"IDEASCANNER AGENT, DIE KI-CO-UNTERNEHMERIN","og_description":"Was ist der beste Weg zur Bewertung von Gesch\u00e4ftsideen? Wie k\u00f6nnen wir das unternehmerische Denken f\u00f6rdern? Jetzt hier die gratis Online-Demo","og_url":"https:\/\/www.ideascanner.com\/de\/beste-weg-zur-geschaftsideenbewertung-mit-ki\/","og_site_name":"IDEASCANNER - Think smarter with AI","article_modified_time":"2026-03-09T12:44:21+00:00","twitter_card":"summary_large_image","schema":{"@context":"https:\/\/schema.org","@graph":[{"@type":"WebPage","@id":"https:\/\/www.ideascanner.com\/de\/beste-weg-zur-geschaftsideenbewertung-mit-ki\/","url":"https:\/\/www.ideascanner.com\/de\/beste-weg-zur-geschaftsideenbewertung-mit-ki\/","name":"IDEASCANNER AGENT, DIE KI-CO-UNTERNEHMERIN","isPartOf":{"@id":"https:\/\/www.ideascanner.com\/#website"},"datePublished":"2022-10-24T22:17:38+00:00","dateModified":"2026-03-09T12:44:21+00:00","description":"Was ist der beste Weg zur Bewertung von Gesch\u00e4ftsideen? Wie k\u00f6nnen wir das unternehmerische Denken f\u00f6rdern? Jetzt hier die gratis Online-Demo","breadcrumb":{"@id":"https:\/\/www.ideascanner.com\/de\/beste-weg-zur-geschaftsideenbewertung-mit-ki\/#breadcrumb"},"inLanguage":"de","potentialAction":[{"@type":"ReadAction","target":["https:\/\/www.ideascanner.com\/de\/beste-weg-zur-geschaftsideenbewertung-mit-ki\/"]}]},{"@type":"BreadcrumbList","@id":"https:\/\/www.ideascanner.com\/de\/beste-weg-zur-geschaftsideenbewertung-mit-ki\/#breadcrumb","itemListElement":[{"@type":"ListItem","position":1,"name":"Home","item":"https:\/\/www.ideascanner.com\/de\/"},{"@type":"ListItem","position":2,"name":"IDEASCANNER AGENT, DIE KI-CO-UNTERNEHMERIN"}]},{"@type":"WebSite","@id":"https:\/\/www.ideascanner.com\/#website","url":"https:\/\/www.ideascanner.com\/","name":"IDEASCANNER - Think smarter with AI","description":"Steigern Sie Ihren Unternehmenswert mit k\u00fcnstlicher Intelligenz","publisher":{"@id":"https:\/\/www.ideascanner.com\/#organization"},"potentialAction":[{"@type":"SearchAction","target":{"@type":"EntryPoint","urlTemplate":"https:\/\/www.ideascanner.com\/?s={search_term_string}"},"query-input":"required name=search_term_string"}],"inLanguage":"de"},{"@type":"Organization","@id":"https:\/\/www.ideascanner.com\/#organization","name":"IDEASCANNER","url":"https:\/\/www.ideascanner.com\/","logo":{"@type":"ImageObject","inLanguage":"de","@id":"https:\/\/www.ideascanner.com\/#\/schema\/logo\/image\/","url":"https:\/\/www.ideascanner.com\/wp-content\/uploads\/2020\/08\/grey_logo_transparent.png","contentUrl":"https:\/\/www.ideascanner.com\/wp-content\/uploads\/2020\/08\/grey_logo_transparent.png","width":3142,"height":1575,"caption":"IDEASCANNER"},"image":{"@id":"https:\/\/www.ideascanner.com\/#\/schema\/logo\/image\/"}}]}},"_links":{"self":[{"href":"https:\/\/www.ideascanner.com\/de\/wp-json\/wp\/v2\/pages\/31708"}],"collection":[{"href":"https:\/\/www.ideascanner.com\/de\/wp-json\/wp\/v2\/pages"}],"about":[{"href":"https:\/\/www.ideascanner.com\/de\/wp-json\/wp\/v2\/types\/page"}],"author":[{"embeddable":true,"href":"https:\/\/www.ideascanner.com\/de\/wp-json\/wp\/v2\/users\/2"}],"replies":[{"embeddable":true,"href":"https:\/\/www.ideascanner.com\/de\/wp-json\/wp\/v2\/comments?post=31708"}],"version-history":[{"count":59,"href":"https:\/\/www.ideascanner.com\/de\/wp-json\/wp\/v2\/pages\/31708\/revisions"}],"predecessor-version":[{"id":95316,"href":"https:\/\/www.ideascanner.com\/de\/wp-json\/wp\/v2\/pages\/31708\/revisions\/95316"}],"wp:attachment":[{"href":"https:\/\/www.ideascanner.com\/de\/wp-json\/wp\/v2\/media?parent=31708"}],"curies":[{"name":"wp","href":"https:\/\/api.w.org\/{rel}","templated":true}]}}