{"id":36562,"date":"2023-02-20T16:53:20","date_gmt":"2023-02-20T14:53:20","guid":{"rendered":"https:\/\/www.ideascanner.com\/climate-challenge\/"},"modified":"2026-03-09T13:31:58","modified_gmt":"2026-03-09T11:31:58","slug":"climate-challenge","status":"publish","type":"page","link":"https:\/\/www.ideascanner.com\/de\/climate-challenge\/","title":{"rendered":"IDEASCANNER Climate Challenge"},"content":{"rendered":"\n<div class=\"wp-block-columns\">\n<div class=\"wp-block-column\" style=\"flex-basis:100%\">\n<div class=\"wp-container-1 wp-block-group\"><div class=\"wp-block-group__inner-container\"><div id=\"pl-gb36562-69dcfa888ef9a\"  class=\"panel-layout wp-block-siteorigin-panels-layout-block\" ><div id=\"pg-gb36562-69dcfa888ef9a-0\"  class=\"panel-grid panel-no-style\" ><div id=\"pgc-gb36562-69dcfa888ef9a-0-0\"  class=\"panel-grid-cell\" ><div id=\"panel-gb36562-69dcfa888ef9a-0-0-0\" class=\"so-panel widget widget_black-studio-tinymce widget_black_studio_tinymce panel-first-child panel-last-child\" data-index=\"0\" ><div class=\"textwidget\"><p><em>&#8220;<\/em><em>Wir bei IDEASCANNER sind Teil von Leaders for Climate Action und haben uns verpflichtet, 1 Gt CO2 der Atmosph\u00e4re zu entziehen &#8211; durch k\u00fcnstliche Intelligenz (KI). Schlie\u00dfe Dich uns an und werde Partner bei der notwendigen Transformation von Gesch\u00e4ftsmodellen in skalierbare, innovative &amp; nachhaltige Modelle durch den Einsatz von KI. Lass uns zusammenarbeiten, um einen positiven Einfluss auf unseren Planeten zu nehmen.&#8221;<\/em><\/p>\n<p>Melanie &amp; Andreas G. St\u00fctz | Management, IDEASCANNER<\/p>\n<\/div><\/div><\/div><div id=\"pgc-gb36562-69dcfa888ef9a-0-1\"  class=\"panel-grid-cell\" ><div id=\"panel-gb36562-69dcfa888ef9a-0-1-0\" class=\"so-panel widget widget_accesspress_image panel-first-child panel-last-child\" data-index=\"1\" >        \r\n        <div class=\"wow bounceIn ap-align-none\">\r\n                            <img src = \"https:\/\/www.ideascanner.com\/wp-content\/uploads\/2023\/02\/Melanie-Stutz_CEO_IDEASCANNER-300x300.png\" \/>\r\n                    <\/div>\r\n        <\/div><\/div><div id=\"pgc-gb36562-69dcfa888ef9a-0-2\"  class=\"panel-grid-cell\" ><div id=\"panel-gb36562-69dcfa888ef9a-0-2-0\" class=\"so-panel widget widget_accesspress_image panel-first-child panel-last-child\" data-index=\"2\" >        \r\n        <div class=\"wow bounceIn ap-align-none\">\r\n                            <img src = \"https:\/\/www.ideascanner.com\/wp-content\/uploads\/2023\/02\/Andreas-G.-Stutz_CEO_IDEASCANNER-300x300.png\" \/>\r\n                    <\/div>\r\n        <\/div><\/div><\/div><div id=\"pg-gb36562-69dcfa888ef9a-1\"  class=\"panel-grid panel-no-style\" ><div id=\"pgc-gb36562-69dcfa888ef9a-1-0\"  class=\"panel-grid-cell\" ><div id=\"panel-gb36562-69dcfa888ef9a-1-0-0\" class=\"so-panel widget widget_black-studio-tinymce widget_black_studio_tinymce panel-first-child panel-last-child\" data-index=\"3\" ><div class=\"textwidget\"><p><strong>Wie k\u00f6nnen wir 1 Gt CO2 der Atmosph\u00e4re entziehen?<\/strong> Um diese Frage zu beantworten, wird IDEASCANNER als eine der <strong>50 gro\u00dfen Ideen im Innovators Magazine<\/strong> Special: &#8220;Europe&#8217;s guide to a better future&#8221; (Jan. 2023) vorgestellt. Wir sind Teil des Manifests f\u00fcr den Europ\u00e4ischen Innovationsraum (EIA) des Knowledge4Innovation (K4I) Forums. Hierf\u00fcr waren wir zum Neujahrsempfang 2023 im Europ\u00e4ischen Parlament geladen. Dort dankte Kommissarin Mariya Gabriel dem K4I-Forum f\u00fcr die Unterst\u00fctzung der <strong>Neuen Europ\u00e4ischen Innovationsagenda<\/strong> (NEIA). Die Europaabgeordnete Maria Da Gra\u00e7a Carvalho k\u00fcndigte den Start von K4I 2.0 an: Innovation for Purpose, Innovation for Good an, zu dem auch <a href=\"https:\/\/www.innovatorsmag.com\/europe-has-the-ideas-to-create-a-better-future\/\" target=\"_blank\" rel=\"noopener\"><strong>IDEASCANNER for &#8220;Green Transition&#8221;<\/strong><\/a> z\u00e4hlt.<\/p>\n<\/div><\/div><\/div><div id=\"pgc-gb36562-69dcfa888ef9a-1-1\"  class=\"panel-grid-cell\" ><div id=\"panel-gb36562-69dcfa888ef9a-1-1-0\" class=\"so-panel widget widget_accesspress_image panel-first-child panel-last-child\" data-index=\"4\" >        <h3 class=\"widget-title\">IDEASCANNER for \u201cGreen Transition\u201d<\/h3>\r\n        <div class=\"wow bounceIn ap-align-none\">\r\n                            <img src = \"https:\/\/www.ideascanner.com\/wp-content\/uploads\/2023\/01\/Innovators-Magazine-with-IDEASCANNER-1024x715.jpg\" \/>\r\n                    <\/div>\r\n        <\/div><\/div><\/div><div id=\"pg-gb36562-69dcfa888ef9a-2\"  class=\"panel-grid panel-no-style\" ><div id=\"pgc-gb36562-69dcfa888ef9a-2-0\"  class=\"panel-grid-cell\" ><div id=\"panel-gb36562-69dcfa888ef9a-2-0-0\" class=\"so-panel widget widget_black-studio-tinymce widget_black_studio_tinymce panel-first-child panel-last-child\" data-index=\"5\" ><div class=\"textwidget\"><h4><strong>Werde Partner <\/strong>und helfe mit dieses Vorhaben, 1 Gt CO2-Emissionen aus der Atmosph\u00e4re zu entziehen, zu erreichen!<strong> <a href=\"https:\/\/app.ideascanner.com\/kontakt\" target=\"_blank\" rel=\"noopener\">Kontaktiere uns hier<\/a>.<\/strong><\/h4>\n<\/div><\/div><\/div><\/div><div id=\"pg-gb36562-69dcfa888ef9a-3\"  class=\"panel-grid panel-no-style\" ><div id=\"pgc-gb36562-69dcfa888ef9a-3-0\"  class=\"panel-grid-cell\" ><div id=\"panel-gb36562-69dcfa888ef9a-3-0-0\" class=\"so-panel widget widget_accesspress_pro_icon_text panel-first-child panel-last-child\" data-index=\"6\" >        <div class=\"wow fadeInUp ap-icon-text style1\">\r\n                            <div class=\"ap-icon-text-icon\">\r\n                    <i class=\"fa fa-leaf\"><\/i>\r\n                <\/div>\r\n            \r\n            <div class=\"ap-icon-text-content-wrap\">\r\n                <div class=\"ap-icon-text-inner\">\r\n                                            <h5 class=\"ap-icon-text-title\">\r\n                        Was tun wir, um eine nachhaltigere Wirtschaft zu schaffen?                        <\/h5>\r\n                        \r\n                                            <div class=\"ap-icon-text-content\">\r\n                        Wenn Du Flugreisen reduzierst und auf die Bahn umsteigst, hat das erhebliche Auswirkungen auf Deinen \u00f6kologischen Fu\u00dfabdruck. Bei IDEASCANNER gehen wir noch einen Schritt weiter und fokussieren uns auf Videokonferenzen. Als &#8220;Remote-First&#8221;-Unternehmen verfolgen wir eine verantwortungsvolle Gesch\u00e4ftsreisepolitik, die nicht nur der Umwelt hilft, sondern auch unseren Partner:innen und Kund:innen Zeit und Geld spart. Mit unserem umweltfreundlichen, nachhaltigen Gesch\u00e4ftsmodell schaffen wir einen positiven Nettoeffekt f\u00fcr unser Klima.                        <\/div>\r\n                        \r\n                                            <div class=\"ap-icon-text-readmore\">\r\n                            <a class=\"bttn\" href=\"https:\/\/app.ideascanner.com\/en\/kontakt\">LASS UNS ONLINE TREFFEN<\/a>\r\n                        <\/div>\r\n                                    <\/div>\r\n            <\/div>\r\n        <\/div>\r\n            <\/div><\/div><div id=\"pgc-gb36562-69dcfa888ef9a-3-1\"  class=\"panel-grid-cell\" ><div id=\"panel-gb36562-69dcfa888ef9a-3-1-0\" class=\"so-panel widget widget_accesspress_pro_icon_text panel-first-child panel-last-child\" data-index=\"7\" >        <div class=\"wow fadeInUp ap-icon-text style1\">\r\n                            <div class=\"ap-icon-text-icon\">\r\n                    <i class=\"fa fa-tachometer\"><\/i>\r\n                <\/div>\r\n            \r\n            <div class=\"ap-icon-text-content-wrap\">\r\n                <div class=\"ap-icon-text-inner\">\r\n                                            <h5 class=\"ap-icon-text-title\">\r\n                        Wie k\u00f6nnen wir helfen, Nachhaltigkeit messbar zu machen?                        <\/h5>\r\n                        \r\n                                            <div class=\"ap-icon-text-content\">\r\n                        Mit unserem IDEASCANNER Agent nutzen k\u00fcnstliche Intelligenz (KI), um F\u00fchrungskr\u00e4fte dabei zu unterst\u00fctzen, die digitale Transformation und nachhaltige Innovation um das 10-fache zu beschleunigen. Die KI-Co-Unternehmerin stellt das aktuelle Gesch\u00e4ftsmodell auf den Pr\u00fcfstand und macht Gesch\u00e4ftsideen und Positionierung zum ersten Mal mit einem Score messbar. Wir helfen Dir, Deinen Sustainability Score um durchschnittlich +20 % zu steigern und zeigen Dir, wie auch Du gr\u00fcne innovative Gesch\u00e4ftsideen und nachhaltige Gesch\u00e4ftsmodelle skalieren kannst.                        <\/div>\r\n                        \r\n                                            <div class=\"ap-icon-text-readmore\">\r\n                            <a class=\"bttn\" href=\"https:\/\/app.ideascanner.com\/\">GRATIS SCANNEN<\/a>\r\n                        <\/div>\r\n                                    <\/div>\r\n            <\/div>\r\n        <\/div>\r\n            <\/div><\/div><div id=\"pgc-gb36562-69dcfa888ef9a-3-2\"  class=\"panel-grid-cell\" ><div id=\"panel-gb36562-69dcfa888ef9a-3-2-0\" class=\"so-panel widget widget_accesspress_pro_icon_text panel-first-child panel-last-child\" data-index=\"8\" >        <div class=\"wow fadeInUp ap-icon-text style1\">\r\n                            <div class=\"ap-icon-text-icon\">\r\n                    <i class=\"fa fa-globe\"><\/i>\r\n                <\/div>\r\n            \r\n            <div class=\"ap-icon-text-content-wrap\">\r\n                <div class=\"ap-icon-text-inner\">\r\n                                            <h5 class=\"ap-icon-text-title\">\r\n                        Was kannst Du jetzt f\u00fcr eine nachhaltige Gesellschaft tun?                        <\/h5>\r\n                        \r\n                                            <div class=\"ap-icon-text-content\">\r\n                        Als Mitglied von Leaders for Climate Action nimmt IDEASCANNER jedes Jahr am Tag der Erde, dem 22. April, an einer Kampagne teil. Im Jahr 2022 hat die Kampagne insgesamt mehr als 85 Millionen Menschen erreicht. Im Jahr 2023 war das Ziel, mit 500 f\u00fchrenden Unternehmen 100 Millionen Menschen f\u00fcr den Klimaschutz zu erreichen &#8211; Tenden steigend. Mit nur wenigen Klicks kannst auch Du in weniger als f\u00fcnf Minuten schnelle, aber wirkungsvolle Ma\u00dfnahmen ergreifen, einschlie\u00dflich der Verwendung von Vorlagen, um Politiker:innen zum Handeln zu bewegen.                        <\/div>\r\n                        \r\n                                            <div class=\"ap-icon-text-readmore\">\r\n                            <a class=\"bttn\" href=\"https:\/\/www.tfca.earth\/int\/\">WERDE AKTIV F\u00dcRS KLIMA<\/a>\r\n                        <\/div>\r\n                                    <\/div>\r\n            <\/div>\r\n        <\/div>\r\n            <\/div><\/div><\/div><div id=\"pg-gb36562-69dcfa888ef9a-4\"  class=\"panel-grid panel-no-style\" ><div id=\"pgc-gb36562-69dcfa888ef9a-4-0\"  class=\"panel-grid-cell\" ><div id=\"panel-gb36562-69dcfa888ef9a-4-0-0\" class=\"so-panel widget widget_black-studio-tinymce widget_black_studio_tinymce panel-first-child panel-last-child\" data-index=\"9\" ><div class=\"textwidget\"><p>Als <a href=\"https:\/\/climate-pact.europa.eu\/about\/meet-our-ambassadors\/melanie-stutz_en\" target=\"_blank\" rel=\"noopener\"><strong>Botschafter des Europ\u00e4ischen Klimapakts<\/strong><\/a> setzen wir uns auf vielf\u00e4ltige Weise f\u00fcr die F\u00f6rderung der digitalen Transformation und nachhaltiger Innovationen ein. Zum Beispiel<\/p>\n<ul>\n<li>helfen wir als<strong> Beiratsmitglied f\u00fcr KI &amp; Gesch\u00e4ftsmodelle <\/strong>kleinen und mittleren Unternehmen (KMU), der digitalen Entwicklung einen Schritt voraus zu sein.<\/li>\n<li>beraten wir Start-ups und halten\u00a0<strong><a href=\"https:\/\/www.ideascanner.com\/keynote-speaker-ai-innovation-green-transition\/\" target=\"_blank\" rel=\"noopener\">Keynotes<\/a><\/strong>, wie jede\/r nachhaltige Gesch\u00e4ftsideen skalieren kann, u.a. f\u00fcrs Founder Institute.<\/li>\n<li>als <strong>Jurymitglieder<\/strong> nachhaltige Gesch\u00e4ftsideen von Start-ups bewerten, bspw. bei Techstars.<\/li>\n<\/ul>\n<\/div><\/div><\/div><div id=\"pgc-gb36562-69dcfa888ef9a-4-1\"  class=\"panel-grid-cell\" ><div id=\"panel-gb36562-69dcfa888ef9a-4-1-0\" class=\"so-panel widget widget_black-studio-tinymce widget_black_studio_tinymce panel-first-child panel-last-child\" data-index=\"10\" ><div class=\"textwidget\"><p>M\u00f6chten Sie mehr \u00fcber diese bew\u00e4hrte Methode erfahren und dar\u00fcber, wie damit das unternehmerische Denken in der Ausbildung f\u00fcr Unternehmertum und Innovation in Unternehmen gef\u00f6rdert wird?<\/p>\n<p><strong>Bef\u00e4higen Sie die n\u00e4chste Generation von F\u00fchrungskr\u00e4ften<\/strong>, auch gr\u00fcne Gesch\u00e4ftsideen zu analysieren und zu skalieren, indem Sie Antworten auf folgende Fragen erhalten:<\/p>\n<ol>\n<li><strong>SCAN<\/strong>: Was ist der Status quo der Gesch\u00e4ftsidee?<\/li>\n<li><strong>SCORE<\/strong>: Was ist das Verbesserungspotenzial?<\/li>\n<li><strong>SCALE<\/strong>: Wie kann die Gesch\u00e4ftsidee verbessert werden?<\/li>\n<\/ol>\n<\/div><\/div><\/div><div id=\"pgc-gb36562-69dcfa888ef9a-4-2\"  class=\"panel-grid-cell\" ><div id=\"panel-gb36562-69dcfa888ef9a-4-2-0\" class=\"so-panel widget widget_black-studio-tinymce widget_black_studio_tinymce panel-first-child panel-last-child\" data-index=\"11\" ><div class=\"textwidget\"><p>Denken Sie daran, dass der <strong>Tag der Erde<\/strong> jeden Tag stattfindet. Sie und Ihre Freunde k\u00f6nnen jederzeit damit beginnen:<\/p>\n<ul>\n<li>Einfluss auf Ihre lokale Gemeinde nehmen, um die Klimapolitik zu st\u00e4rken<\/li>\n<li>jeden Arbeitsplatz zu einem <strong>Klima-Job<\/strong> machen &#8211; auch Ihren eigenen<\/li>\n<li>Engagieren Sie sich &#8211; finden Sie eine Organisation, die Sie unterst\u00fctzen<\/li>\n<\/ul>\n<p><strong>Jede Stimme z\u00e4hlt!<\/strong> Werde selbst aktiv und f\u00fchre Standardinstrumente ein &#8211; im Unternehmen, in Universit\u00e4ten und \u00f6ffentlichen Transferzentren f\u00fcr die n\u00e4chste Green Deep Tech Innovation aus Europa.<\/p>\n<\/div><\/div><\/div><\/div><div id=\"pg-gb36562-69dcfa888ef9a-5\"  class=\"panel-grid panel-no-style\" ><div id=\"pgc-gb36562-69dcfa888ef9a-5-0\"  class=\"panel-grid-cell\" ><div id=\"panel-gb36562-69dcfa888ef9a-5-0-0\" class=\"so-panel widget widget_accesspress_image panel-first-child panel-last-child\" data-index=\"12\" >        \r\n        <div class=\"wow bounceIn ap-align-none\">\r\n                            <img src = \"https:\/\/www.ideascanner.com\/wp-content\/uploads\/2023\/02\/sustainable-entrepreneurship.jpg\" \/>\r\n                    <\/div>\r\n        <\/div><\/div><div id=\"pgc-gb36562-69dcfa888ef9a-5-1\"  class=\"panel-grid-cell\" ><div id=\"panel-gb36562-69dcfa888ef9a-5-1-0\" class=\"so-panel widget widget_accesspress_image panel-first-child panel-last-child\" data-index=\"13\" >        \r\n        <div class=\"wow bounceIn ap-align-none\">\r\n                            <img src = \"https:\/\/www.ideascanner.com\/wp-content\/uploads\/2023\/02\/sustainable-startups.jpg\" \/>\r\n                    <\/div>\r\n        <\/div><\/div><div id=\"pgc-gb36562-69dcfa888ef9a-5-2\"  class=\"panel-grid-cell\" ><div id=\"panel-gb36562-69dcfa888ef9a-5-2-0\" class=\"so-panel widget widget_accesspress_image panel-first-child panel-last-child\" data-index=\"14\" >        \r\n        <div class=\"wow bounceIn ap-align-none\">\r\n                            <img src = \"https:\/\/www.ideascanner.com\/wp-content\/uploads\/2023\/02\/sustainable-leaders.jpg\" \/>\r\n                    <\/div>\r\n        <\/div><\/div><\/div><\/div><\/div><\/div>\n<\/div>\n<\/div>\n\n\n\n<p><\/p>\n","protected":false},"excerpt":{"rendered":"","protected":false},"author":2,"featured_media":0,"parent":0,"menu_order":0,"comment_status":"closed","ping_status":"closed","template":"","meta":{"om_disable_all_campaigns":false,"_monsterinsights_skip_tracking":false,"_monsterinsights_sitenote_active":false,"_monsterinsights_sitenote_note":"","_monsterinsights_sitenote_category":0,"_uf_show_specific_survey":0,"_uf_disable_surveys":false},"yoast_head":"<!-- This site is optimized with the Yoast SEO plugin v19.13 - https:\/\/yoast.com\/wordpress\/plugins\/seo\/ -->\n<title>IDEASCANNER Climate Challenge<\/title>\n<meta name=\"description\" content=\"Wie k\u00f6nnen wir 1 Gt CO2 der Atmosph\u00e4re entziehen? Um diese Frage zu beantworten, wird IDEASCANNER als eine der 50 Big Ideas f\u00fcr Europas ...\" \/>\n<meta name=\"robots\" content=\"index, follow, max-snippet:-1, max-image-preview:large, max-video-preview:-1\" \/>\n<link rel=\"canonical\" href=\"https:\/\/www.ideascanner.com\/de\/climate-challenge\/\" \/>\n<meta property=\"og:locale\" content=\"de_DE\" \/>\n<meta property=\"og:type\" content=\"article\" \/>\n<meta property=\"og:title\" content=\"IDEASCANNER Climate Challenge\" \/>\n<meta property=\"og:description\" content=\"Wie k\u00f6nnen wir 1 Gt CO2 der Atmosph\u00e4re entziehen? Um diese Frage zu beantworten, wird IDEASCANNER als eine der 50 Big Ideas f\u00fcr Europas ...\" \/>\n<meta property=\"og:url\" content=\"https:\/\/www.ideascanner.com\/de\/climate-challenge\/\" \/>\n<meta property=\"og:site_name\" content=\"IDEASCANNER - Think smarter with AI\" \/>\n<meta property=\"article:modified_time\" content=\"2026-03-09T11:31:58+00:00\" \/>\n<meta name=\"twitter:card\" content=\"summary_large_image\" \/>\n<script type=\"application\/ld+json\" class=\"yoast-schema-graph\">{\"@context\":\"https:\/\/schema.org\",\"@graph\":[{\"@type\":\"WebPage\",\"@id\":\"https:\/\/www.ideascanner.com\/de\/climate-challenge\/\",\"url\":\"https:\/\/www.ideascanner.com\/de\/climate-challenge\/\",\"name\":\"IDEASCANNER Climate Challenge\",\"isPartOf\":{\"@id\":\"https:\/\/www.ideascanner.com\/#website\"},\"datePublished\":\"2023-02-20T14:53:20+00:00\",\"dateModified\":\"2026-03-09T11:31:58+00:00\",\"description\":\"Wie k\u00f6nnen wir 1 Gt CO2 der Atmosph\u00e4re entziehen? Um diese Frage zu beantworten, wird IDEASCANNER als eine der 50 Big Ideas f\u00fcr Europas ...\",\"breadcrumb\":{\"@id\":\"https:\/\/www.ideascanner.com\/de\/climate-challenge\/#breadcrumb\"},\"inLanguage\":\"de\",\"potentialAction\":[{\"@type\":\"ReadAction\",\"target\":[\"https:\/\/www.ideascanner.com\/de\/climate-challenge\/\"]}]},{\"@type\":\"BreadcrumbList\",\"@id\":\"https:\/\/www.ideascanner.com\/de\/climate-challenge\/#breadcrumb\",\"itemListElement\":[{\"@type\":\"ListItem\",\"position\":1,\"name\":\"Home\",\"item\":\"https:\/\/www.ideascanner.com\/de\/\"},{\"@type\":\"ListItem\",\"position\":2,\"name\":\"IDEASCANNER Climate Challenge\"}]},{\"@type\":\"WebSite\",\"@id\":\"https:\/\/www.ideascanner.com\/#website\",\"url\":\"https:\/\/www.ideascanner.com\/\",\"name\":\"IDEASCANNER - Think smarter with AI\",\"description\":\"Steigern Sie Ihren Unternehmenswert mit k\u00fcnstlicher Intelligenz\",\"publisher\":{\"@id\":\"https:\/\/www.ideascanner.com\/#organization\"},\"potentialAction\":[{\"@type\":\"SearchAction\",\"target\":{\"@type\":\"EntryPoint\",\"urlTemplate\":\"https:\/\/www.ideascanner.com\/?s={search_term_string}\"},\"query-input\":\"required name=search_term_string\"}],\"inLanguage\":\"de\"},{\"@type\":\"Organization\",\"@id\":\"https:\/\/www.ideascanner.com\/#organization\",\"name\":\"IDEASCANNER\",\"url\":\"https:\/\/www.ideascanner.com\/\",\"logo\":{\"@type\":\"ImageObject\",\"inLanguage\":\"de\",\"@id\":\"https:\/\/www.ideascanner.com\/#\/schema\/logo\/image\/\",\"url\":\"https:\/\/www.ideascanner.com\/wp-content\/uploads\/2020\/08\/grey_logo_transparent.png\",\"contentUrl\":\"https:\/\/www.ideascanner.com\/wp-content\/uploads\/2020\/08\/grey_logo_transparent.png\",\"width\":3142,\"height\":1575,\"caption\":\"IDEASCANNER\"},\"image\":{\"@id\":\"https:\/\/www.ideascanner.com\/#\/schema\/logo\/image\/\"}}]}<\/script>\n<!-- \/ Yoast SEO plugin. -->","yoast_head_json":{"title":"IDEASCANNER Climate Challenge","description":"Wie k\u00f6nnen wir 1 Gt CO2 der Atmosph\u00e4re entziehen? Um diese Frage zu beantworten, wird IDEASCANNER als eine der 50 Big Ideas f\u00fcr Europas ...","robots":{"index":"index","follow":"follow","max-snippet":"max-snippet:-1","max-image-preview":"max-image-preview:large","max-video-preview":"max-video-preview:-1"},"canonical":"https:\/\/www.ideascanner.com\/de\/climate-challenge\/","og_locale":"de_DE","og_type":"article","og_title":"IDEASCANNER Climate Challenge","og_description":"Wie k\u00f6nnen wir 1 Gt CO2 der Atmosph\u00e4re entziehen? Um diese Frage zu beantworten, wird IDEASCANNER als eine der 50 Big Ideas f\u00fcr Europas ...","og_url":"https:\/\/www.ideascanner.com\/de\/climate-challenge\/","og_site_name":"IDEASCANNER - Think smarter with AI","article_modified_time":"2026-03-09T11:31:58+00:00","twitter_card":"summary_large_image","schema":{"@context":"https:\/\/schema.org","@graph":[{"@type":"WebPage","@id":"https:\/\/www.ideascanner.com\/de\/climate-challenge\/","url":"https:\/\/www.ideascanner.com\/de\/climate-challenge\/","name":"IDEASCANNER Climate Challenge","isPartOf":{"@id":"https:\/\/www.ideascanner.com\/#website"},"datePublished":"2023-02-20T14:53:20+00:00","dateModified":"2026-03-09T11:31:58+00:00","description":"Wie k\u00f6nnen wir 1 Gt CO2 der Atmosph\u00e4re entziehen? Um diese Frage zu beantworten, wird IDEASCANNER als eine der 50 Big Ideas f\u00fcr Europas ...","breadcrumb":{"@id":"https:\/\/www.ideascanner.com\/de\/climate-challenge\/#breadcrumb"},"inLanguage":"de","potentialAction":[{"@type":"ReadAction","target":["https:\/\/www.ideascanner.com\/de\/climate-challenge\/"]}]},{"@type":"BreadcrumbList","@id":"https:\/\/www.ideascanner.com\/de\/climate-challenge\/#breadcrumb","itemListElement":[{"@type":"ListItem","position":1,"name":"Home","item":"https:\/\/www.ideascanner.com\/de\/"},{"@type":"ListItem","position":2,"name":"IDEASCANNER Climate Challenge"}]},{"@type":"WebSite","@id":"https:\/\/www.ideascanner.com\/#website","url":"https:\/\/www.ideascanner.com\/","name":"IDEASCANNER - Think smarter with AI","description":"Steigern Sie Ihren Unternehmenswert mit k\u00fcnstlicher Intelligenz","publisher":{"@id":"https:\/\/www.ideascanner.com\/#organization"},"potentialAction":[{"@type":"SearchAction","target":{"@type":"EntryPoint","urlTemplate":"https:\/\/www.ideascanner.com\/?s={search_term_string}"},"query-input":"required name=search_term_string"}],"inLanguage":"de"},{"@type":"Organization","@id":"https:\/\/www.ideascanner.com\/#organization","name":"IDEASCANNER","url":"https:\/\/www.ideascanner.com\/","logo":{"@type":"ImageObject","inLanguage":"de","@id":"https:\/\/www.ideascanner.com\/#\/schema\/logo\/image\/","url":"https:\/\/www.ideascanner.com\/wp-content\/uploads\/2020\/08\/grey_logo_transparent.png","contentUrl":"https:\/\/www.ideascanner.com\/wp-content\/uploads\/2020\/08\/grey_logo_transparent.png","width":3142,"height":1575,"caption":"IDEASCANNER"},"image":{"@id":"https:\/\/www.ideascanner.com\/#\/schema\/logo\/image\/"}}]}},"_links":{"self":[{"href":"https:\/\/www.ideascanner.com\/de\/wp-json\/wp\/v2\/pages\/36562"}],"collection":[{"href":"https:\/\/www.ideascanner.com\/de\/wp-json\/wp\/v2\/pages"}],"about":[{"href":"https:\/\/www.ideascanner.com\/de\/wp-json\/wp\/v2\/types\/page"}],"author":[{"embeddable":true,"href":"https:\/\/www.ideascanner.com\/de\/wp-json\/wp\/v2\/users\/2"}],"replies":[{"embeddable":true,"href":"https:\/\/www.ideascanner.com\/de\/wp-json\/wp\/v2\/comments?post=36562"}],"version-history":[{"count":21,"href":"https:\/\/www.ideascanner.com\/de\/wp-json\/wp\/v2\/pages\/36562\/revisions"}],"predecessor-version":[{"id":95297,"href":"https:\/\/www.ideascanner.com\/de\/wp-json\/wp\/v2\/pages\/36562\/revisions\/95297"}],"wp:attachment":[{"href":"https:\/\/www.ideascanner.com\/de\/wp-json\/wp\/v2\/media?parent=36562"}],"curies":[{"name":"wp","href":"https:\/\/api.w.org\/{rel}","templated":true}]}}