{"id":44911,"date":"2024-08-07T18:08:20","date_gmt":"2024-08-07T16:08:20","guid":{"rendered":"https:\/\/www.ideascanner.com\/a-unique-refugee-story-from-fall-of-the-berlin-wall-to-german-unity-day\/"},"modified":"2024-08-07T18:31:45","modified_gmt":"2024-08-07T16:31:45","slug":"eine-einzigartige-fluchtlingsgeschichte-vom-mauerfall-bis-zum-tag-der-deutschen-einheit","status":"publish","type":"page","link":"https:\/\/www.ideascanner.com\/de\/eine-einzigartige-fluchtlingsgeschichte-vom-mauerfall-bis-zum-tag-der-deutschen-einheit\/","title":{"rendered":"TV-DOKUMENTATION"},"content":{"rendered":"<p>Anl\u00e4sslich des <strong>25. Jahrestages des Mauerfalls<\/strong> gab es nicht nur die <strong>TV-Premiere<\/strong> von &#8220;Zwei Leben, ein Traum &#8211; Der Weltflug mit dem Tragschrauber&#8221; von Melanie und Andreas St\u00fctz.<\/p>\n<p>In der nachfolgenden <strong>TV-Dokumentation <\/strong>wird \u00fcber ihre pers\u00f6nliche Ost-West-Geschichte berichtet:<\/p>\n<p><iframe loading=\"lazy\" title=\"YouTube video player\" src=\"https:\/\/www.youtube.com\/embed\/xklZza0f36c?si=xpVTbKJXp3rL0KJh&amp;start=2251\" width=\"560\" height=\"315\" frameborder=\"0\" allowfullscreen=\"allowfullscreen\"><\/iframe><\/p>\n<p>M\u00f6chten Sie mehr \u00fcber die Geschichte der beiden erfahren, die mit der ersten Weltreise mit \u201cFlugauto\u201d begann und zum \u201cVorflug-Check f\u00fcr Gesch\u00e4ftsideen\u201d f\u00fchrte? Wir freuen uns auf Ihre <strong><a href=\"https:\/\/www.ideascanner.com\/de\/#section-892\" target=\"_blank\" rel=\"noopener\">Kontaktaufnahme<\/a><\/strong>.<\/p>\n","protected":false},"excerpt":{"rendered":"<p>Anl\u00e4sslich des 25. Jahrestages des Mauerfalls gab es nicht nur die TV-Premiere von &#8220;Zwei Leben, ein Traum &#8211; Der Weltflug mit dem Tragschrauber&#8221; von Melanie und Andreas St\u00fctz. In der nachfolgenden TV-Dokumentation wird \u00fcber ihre pers\u00f6nliche Ost-West-Geschichte berichtet: M\u00f6chten Sie mehr \u00fcber die Geschichte der beiden erfahren, die mit der ersten Weltreise mit \u201cFlugauto\u201d begann&#8230;<\/p>\n","protected":false},"author":2,"featured_media":0,"parent":0,"menu_order":0,"comment_status":"closed","ping_status":"closed","template":"","meta":{"om_disable_all_campaigns":false,"_monsterinsights_skip_tracking":false,"_monsterinsights_sitenote_active":false,"_monsterinsights_sitenote_note":"","_monsterinsights_sitenote_category":0,"_uf_show_specific_survey":0,"_uf_disable_surveys":false},"yoast_head":"<!-- This site is optimized with the Yoast SEO plugin v19.13 - https:\/\/yoast.com\/wordpress\/plugins\/seo\/ -->\n<title>TV-DOKUMENTATION - IDEASCANNER - Think smarter with AI<\/title>\n<meta name=\"description\" content=\"Der Fall der Berliner Mauer - wie aus einer Fl\u00fcchtlingsgeschichte eine Ost-West-Geschichte wurde &amp; die erste Weltumrundung in einem fliegenden Auto - Tag der Deutschen Einheit\" \/>\n<meta name=\"robots\" content=\"index, follow, max-snippet:-1, max-image-preview:large, max-video-preview:-1\" \/>\n<link rel=\"canonical\" href=\"https:\/\/www.ideascanner.com\/de\/eine-einzigartige-fluchtlingsgeschichte-vom-mauerfall-bis-zum-tag-der-deutschen-einheit\/\" \/>\n<meta property=\"og:locale\" content=\"de_DE\" \/>\n<meta property=\"og:type\" content=\"article\" \/>\n<meta property=\"og:title\" content=\"TV-DOKUMENTATION - IDEASCANNER - Think smarter with AI\" \/>\n<meta property=\"og:description\" content=\"Der Fall der Berliner Mauer - wie aus einer Fl\u00fcchtlingsgeschichte eine Ost-West-Geschichte wurde &amp; die erste Weltumrundung in einem fliegenden Auto - Tag der Deutschen Einheit\" \/>\n<meta property=\"og:url\" content=\"https:\/\/www.ideascanner.com\/de\/eine-einzigartige-fluchtlingsgeschichte-vom-mauerfall-bis-zum-tag-der-deutschen-einheit\/\" \/>\n<meta property=\"og:site_name\" content=\"IDEASCANNER - Think smarter with AI\" \/>\n<meta property=\"article:modified_time\" content=\"2024-08-07T16:31:45+00:00\" \/>\n<meta name=\"twitter:card\" content=\"summary_large_image\" \/>\n<meta name=\"twitter:label1\" content=\"Gesch\u00e4tzte Lesezeit\" \/>\n\t<meta name=\"twitter:data1\" content=\"1\u00a0Minute\" \/>\n<script type=\"application\/ld+json\" class=\"yoast-schema-graph\">{\"@context\":\"https:\/\/schema.org\",\"@graph\":[{\"@type\":\"WebPage\",\"@id\":\"https:\/\/www.ideascanner.com\/de\/eine-einzigartige-fluchtlingsgeschichte-vom-mauerfall-bis-zum-tag-der-deutschen-einheit\/\",\"url\":\"https:\/\/www.ideascanner.com\/de\/eine-einzigartige-fluchtlingsgeschichte-vom-mauerfall-bis-zum-tag-der-deutschen-einheit\/\",\"name\":\"TV-DOKUMENTATION - IDEASCANNER - Think smarter with AI\",\"isPartOf\":{\"@id\":\"https:\/\/www.ideascanner.com\/#website\"},\"datePublished\":\"2024-08-07T16:08:20+00:00\",\"dateModified\":\"2024-08-07T16:31:45+00:00\",\"description\":\"Der Fall der Berliner Mauer - wie aus einer Fl\u00fcchtlingsgeschichte eine Ost-West-Geschichte wurde & die erste Weltumrundung in einem fliegenden Auto - Tag der Deutschen Einheit\",\"breadcrumb\":{\"@id\":\"https:\/\/www.ideascanner.com\/de\/eine-einzigartige-fluchtlingsgeschichte-vom-mauerfall-bis-zum-tag-der-deutschen-einheit\/#breadcrumb\"},\"inLanguage\":\"de\",\"potentialAction\":[{\"@type\":\"ReadAction\",\"target\":[\"https:\/\/www.ideascanner.com\/de\/eine-einzigartige-fluchtlingsgeschichte-vom-mauerfall-bis-zum-tag-der-deutschen-einheit\/\"]}]},{\"@type\":\"BreadcrumbList\",\"@id\":\"https:\/\/www.ideascanner.com\/de\/eine-einzigartige-fluchtlingsgeschichte-vom-mauerfall-bis-zum-tag-der-deutschen-einheit\/#breadcrumb\",\"itemListElement\":[{\"@type\":\"ListItem\",\"position\":1,\"name\":\"Home\",\"item\":\"https:\/\/www.ideascanner.com\/de\/\"},{\"@type\":\"ListItem\",\"position\":2,\"name\":\"TV-DOKUMENTATION\"}]},{\"@type\":\"WebSite\",\"@id\":\"https:\/\/www.ideascanner.com\/#website\",\"url\":\"https:\/\/www.ideascanner.com\/\",\"name\":\"IDEASCANNER - Think smarter with AI\",\"description\":\"Steigern Sie Ihren Unternehmenswert mit k\u00fcnstlicher Intelligenz\",\"publisher\":{\"@id\":\"https:\/\/www.ideascanner.com\/#organization\"},\"potentialAction\":[{\"@type\":\"SearchAction\",\"target\":{\"@type\":\"EntryPoint\",\"urlTemplate\":\"https:\/\/www.ideascanner.com\/?s={search_term_string}\"},\"query-input\":\"required name=search_term_string\"}],\"inLanguage\":\"de\"},{\"@type\":\"Organization\",\"@id\":\"https:\/\/www.ideascanner.com\/#organization\",\"name\":\"IDEASCANNER\",\"url\":\"https:\/\/www.ideascanner.com\/\",\"logo\":{\"@type\":\"ImageObject\",\"inLanguage\":\"de\",\"@id\":\"https:\/\/www.ideascanner.com\/#\/schema\/logo\/image\/\",\"url\":\"https:\/\/www.ideascanner.com\/wp-content\/uploads\/2020\/08\/grey_logo_transparent.png\",\"contentUrl\":\"https:\/\/www.ideascanner.com\/wp-content\/uploads\/2020\/08\/grey_logo_transparent.png\",\"width\":3142,\"height\":1575,\"caption\":\"IDEASCANNER\"},\"image\":{\"@id\":\"https:\/\/www.ideascanner.com\/#\/schema\/logo\/image\/\"}}]}<\/script>\n<!-- \/ Yoast SEO plugin. -->","yoast_head_json":{"title":"TV-DOKUMENTATION - IDEASCANNER - Think smarter with AI","description":"Der Fall der Berliner Mauer - wie aus einer Fl\u00fcchtlingsgeschichte eine Ost-West-Geschichte wurde & die erste Weltumrundung in einem fliegenden Auto - Tag der Deutschen Einheit","robots":{"index":"index","follow":"follow","max-snippet":"max-snippet:-1","max-image-preview":"max-image-preview:large","max-video-preview":"max-video-preview:-1"},"canonical":"https:\/\/www.ideascanner.com\/de\/eine-einzigartige-fluchtlingsgeschichte-vom-mauerfall-bis-zum-tag-der-deutschen-einheit\/","og_locale":"de_DE","og_type":"article","og_title":"TV-DOKUMENTATION - IDEASCANNER - Think smarter with AI","og_description":"Der Fall der Berliner Mauer - wie aus einer Fl\u00fcchtlingsgeschichte eine Ost-West-Geschichte wurde & die erste Weltumrundung in einem fliegenden Auto - Tag der Deutschen Einheit","og_url":"https:\/\/www.ideascanner.com\/de\/eine-einzigartige-fluchtlingsgeschichte-vom-mauerfall-bis-zum-tag-der-deutschen-einheit\/","og_site_name":"IDEASCANNER - Think smarter with AI","article_modified_time":"2024-08-07T16:31:45+00:00","twitter_card":"summary_large_image","twitter_misc":{"Gesch\u00e4tzte Lesezeit":"1\u00a0Minute"},"schema":{"@context":"https:\/\/schema.org","@graph":[{"@type":"WebPage","@id":"https:\/\/www.ideascanner.com\/de\/eine-einzigartige-fluchtlingsgeschichte-vom-mauerfall-bis-zum-tag-der-deutschen-einheit\/","url":"https:\/\/www.ideascanner.com\/de\/eine-einzigartige-fluchtlingsgeschichte-vom-mauerfall-bis-zum-tag-der-deutschen-einheit\/","name":"TV-DOKUMENTATION - IDEASCANNER - Think smarter with AI","isPartOf":{"@id":"https:\/\/www.ideascanner.com\/#website"},"datePublished":"2024-08-07T16:08:20+00:00","dateModified":"2024-08-07T16:31:45+00:00","description":"Der Fall der Berliner Mauer - wie aus einer Fl\u00fcchtlingsgeschichte eine Ost-West-Geschichte wurde & die erste Weltumrundung in einem fliegenden Auto - Tag der Deutschen Einheit","breadcrumb":{"@id":"https:\/\/www.ideascanner.com\/de\/eine-einzigartige-fluchtlingsgeschichte-vom-mauerfall-bis-zum-tag-der-deutschen-einheit\/#breadcrumb"},"inLanguage":"de","potentialAction":[{"@type":"ReadAction","target":["https:\/\/www.ideascanner.com\/de\/eine-einzigartige-fluchtlingsgeschichte-vom-mauerfall-bis-zum-tag-der-deutschen-einheit\/"]}]},{"@type":"BreadcrumbList","@id":"https:\/\/www.ideascanner.com\/de\/eine-einzigartige-fluchtlingsgeschichte-vom-mauerfall-bis-zum-tag-der-deutschen-einheit\/#breadcrumb","itemListElement":[{"@type":"ListItem","position":1,"name":"Home","item":"https:\/\/www.ideascanner.com\/de\/"},{"@type":"ListItem","position":2,"name":"TV-DOKUMENTATION"}]},{"@type":"WebSite","@id":"https:\/\/www.ideascanner.com\/#website","url":"https:\/\/www.ideascanner.com\/","name":"IDEASCANNER - Think smarter with AI","description":"Steigern Sie Ihren Unternehmenswert mit k\u00fcnstlicher Intelligenz","publisher":{"@id":"https:\/\/www.ideascanner.com\/#organization"},"potentialAction":[{"@type":"SearchAction","target":{"@type":"EntryPoint","urlTemplate":"https:\/\/www.ideascanner.com\/?s={search_term_string}"},"query-input":"required name=search_term_string"}],"inLanguage":"de"},{"@type":"Organization","@id":"https:\/\/www.ideascanner.com\/#organization","name":"IDEASCANNER","url":"https:\/\/www.ideascanner.com\/","logo":{"@type":"ImageObject","inLanguage":"de","@id":"https:\/\/www.ideascanner.com\/#\/schema\/logo\/image\/","url":"https:\/\/www.ideascanner.com\/wp-content\/uploads\/2020\/08\/grey_logo_transparent.png","contentUrl":"https:\/\/www.ideascanner.com\/wp-content\/uploads\/2020\/08\/grey_logo_transparent.png","width":3142,"height":1575,"caption":"IDEASCANNER"},"image":{"@id":"https:\/\/www.ideascanner.com\/#\/schema\/logo\/image\/"}}]}},"_links":{"self":[{"href":"https:\/\/www.ideascanner.com\/de\/wp-json\/wp\/v2\/pages\/44911"}],"collection":[{"href":"https:\/\/www.ideascanner.com\/de\/wp-json\/wp\/v2\/pages"}],"about":[{"href":"https:\/\/www.ideascanner.com\/de\/wp-json\/wp\/v2\/types\/page"}],"author":[{"embeddable":true,"href":"https:\/\/www.ideascanner.com\/de\/wp-json\/wp\/v2\/users\/2"}],"replies":[{"embeddable":true,"href":"https:\/\/www.ideascanner.com\/de\/wp-json\/wp\/v2\/comments?post=44911"}],"version-history":[{"count":5,"href":"https:\/\/www.ideascanner.com\/de\/wp-json\/wp\/v2\/pages\/44911\/revisions"}],"predecessor-version":[{"id":44920,"href":"https:\/\/www.ideascanner.com\/de\/wp-json\/wp\/v2\/pages\/44911\/revisions\/44920"}],"wp:attachment":[{"href":"https:\/\/www.ideascanner.com\/de\/wp-json\/wp\/v2\/media?parent=44911"}],"curies":[{"name":"wp","href":"https:\/\/api.w.org\/{rel}","templated":true}]}}