{"id":7736,"date":"2020-08-25T17:22:05","date_gmt":"2020-08-25T15:22:05","guid":{"rendered":"https:\/\/www.ideascanner.com\/medienberichterstattung\/"},"modified":"2026-03-09T15:27:50","modified_gmt":"2026-03-09T13:27:50","slug":"in-den-medien","status":"publish","type":"page","link":"https:\/\/www.ideascanner.com\/de\/in-den-medien\/","title":{"rendered":"Media"},"content":{"rendered":"<div id=\"pl-gb7736-69f27dabc7e49\"  class=\"panel-layout wp-block-siteorigin-panels-layout-block\" ><div id=\"pg-gb7736-69f27dabc7e49-0\"  class=\"panel-grid panel-no-style\" ><div id=\"pgc-gb7736-69f27dabc7e49-0-0\"  class=\"panel-grid-cell\" ><div id=\"panel-gb7736-69f27dabc7e49-0-0-0\" class=\"so-panel widget widget_black-studio-tinymce widget_black_studio_tinymce panel-first-child panel-last-child\" data-index=\"0\" ><div class=\"textwidget\"><h1 style=\"text-align: center;\">Media<\/h1>\n<p style=\"text-align: center;\"><a href=\"https:\/\/www.ideascanner.com\/wp-content\/uploads\/2020\/02\/rainbow.png\"><img loading=\"lazy\" class=\"alignnone size-medium wp-image-22263\" src=\"https:\/\/www.ideascanner.com\/wp-content\/uploads\/2020\/02\/rainbow-300x4.png\" alt=\"\" width=\"300\" height=\"4\" srcset=\"https:\/\/www.ideascanner.com\/wp-content\/uploads\/2020\/02\/rainbow-300x4.png 300w, https:\/\/www.ideascanner.com\/wp-content\/uploads\/2020\/02\/rainbow-1024x13.png 1024w, https:\/\/www.ideascanner.com\/wp-content\/uploads\/2020\/02\/rainbow-768x9.png 768w, https:\/\/www.ideascanner.com\/wp-content\/uploads\/2020\/02\/rainbow-900x14.png 900w, https:\/\/www.ideascanner.com\/wp-content\/uploads\/2020\/02\/rainbow.png 1145w\" sizes=\"(max-width: 300px) 100vw, 300px\" \/><\/a><\/p>\n<\/div><\/div><\/div><\/div><div id=\"pg-gb7736-69f27dabc7e49-1\"  class=\"panel-grid panel-no-style\" ><div id=\"pgc-gb7736-69f27dabc7e49-1-0\"  class=\"panel-grid-cell\" ><div id=\"panel-gb7736-69f27dabc7e49-1-0-0\" class=\"so-panel widget widget_accesspress_image panel-first-child panel-last-child\" data-index=\"1\" >        \r\n        <div class=\"wow bounceIn ap-align-none\">\r\n                            <img src = \"https:\/\/www.ideascanner.com\/wp-content\/uploads\/2024\/10\/EntreComp-Champion-IDEASCANNER-300x174.jpg\" \/>\r\n                    <\/div>\r\n        <\/div><\/div><div id=\"pgc-gb7736-69f27dabc7e49-1-1\"  class=\"panel-grid-cell\" ><div id=\"panel-gb7736-69f27dabc7e49-1-1-0\" class=\"so-panel widget widget_black-studio-tinymce widget_black_studio_tinymce panel-first-child panel-last-child\" data-index=\"2\" ><div class=\"textwidget\"><p>IDEASCANNER demokratisiert das Expertenwissen erfolgreicher Wagniskapitalgeber mit KI. Die preisgekr\u00f6nte KI-Co-Unternehmerin bef\u00e4higt auch nachhaltige Gesch\u00e4ftsideen zu skalieren und macht f\u00fcr Investor:innen messbar, wie sich ihr Investment vervielfachen kann. IDEASCANNER ist in mehreren Wirtschaftsb\u00fcchern mit Erfolgsgeschichten vertreten, u.a. dar\u00fcber, wie man mit KI den Unternehmenswert steigern kann.\u00a0Das <a href=\"https:\/\/app.ideascanner.com\/about\" target=\"_blank\" rel=\"noopener\">Unternehmerpaar hinter IDEASCANNER<\/a>, Melanie und Andreas G. St\u00fctz, ist aus den Medien bekannt. Ihre pers\u00f6nliche Geschichte ist eine, die du nicht verpassen solltest. Willst du wissen, was die erste Weltreise in einem \u201eFlugauto\u201c damit zu tun hat und wie es zum \u201eVorflug-Check f\u00fcr Gesch\u00e4ftsideen\u201c kam? <a href=\"https:\/\/app.ideascanner.com\/kontakt\" target=\"_blank\" rel=\"noopener\">Kontaktiere uns hier<\/a>.<\/p>\n<\/div><\/div><\/div><\/div><div id=\"pg-gb7736-69f27dabc7e49-2\"  class=\"panel-grid panel-no-style\" ><div id=\"pgc-gb7736-69f27dabc7e49-2-0\"  class=\"panel-grid-cell\" ><div id=\"panel-gb7736-69f27dabc7e49-2-0-0\" class=\"so-panel widget widget_media_image panel-first-child panel-last-child\" data-index=\"3\" ><img width=\"4188\" height=\"169\" src=\"https:\/\/www.ideascanner.com\/wp-content\/uploads\/2021\/08\/Media.png\" class=\"image wp-image-15298  attachment-full size-full\" alt=\"\" loading=\"lazy\" style=\"max-width: 100%; height: auto;\" srcset=\"https:\/\/www.ideascanner.com\/wp-content\/uploads\/2021\/08\/Media.png 4188w, https:\/\/www.ideascanner.com\/wp-content\/uploads\/2021\/08\/Media-300x12.png 300w, https:\/\/www.ideascanner.com\/wp-content\/uploads\/2021\/08\/Media-1024x41.png 1024w, https:\/\/www.ideascanner.com\/wp-content\/uploads\/2021\/08\/Media-768x31.png 768w, https:\/\/www.ideascanner.com\/wp-content\/uploads\/2021\/08\/Media-1536x62.png 1536w, https:\/\/www.ideascanner.com\/wp-content\/uploads\/2021\/08\/Media-2048x83.png 2048w\" sizes=\"(max-width: 4188px) 100vw, 4188px\" \/><\/div><\/div><\/div><div id=\"pg-gb7736-69f27dabc7e49-3\"  class=\"panel-grid panel-no-style\" ><div id=\"pgc-gb7736-69f27dabc7e49-3-0\"  class=\"panel-grid-cell panel-grid-cell-empty\" ><\/div><\/div><div id=\"pg-gb7736-69f27dabc7e49-4\"  class=\"panel-grid panel-no-style\" ><div id=\"pgc-gb7736-69f27dabc7e49-4-0\"  class=\"panel-grid-cell\" ><div id=\"panel-gb7736-69f27dabc7e49-4-0-0\" class=\"so-panel widget widget_media_image panel-first-child\" data-index=\"4\" ><h3 class=\"widget-title\">ZUKUNFTSGESTALTER<\/h3><a href=\"https:\/\/link.springer.com\/book\/10.1007\/978-3-662-70324-3\" target=\"_blank\" rel=\"noopener\"><img width=\"640\" height=\"360\" src=\"https:\/\/www.ideascanner.com\/wp-content\/uploads\/2025\/06\/Zukunftsgestalter-Deutschlands-Pioniergeschichten-IDEASCANNER-1024x576.jpg\" class=\"image wp-image-91217  attachment-large size-large\" alt=\"Zukunftsgestalter Deutschlands Pioniergeschichten IDEASCANNER\" loading=\"lazy\" style=\"max-width: 100%; height: auto;\" srcset=\"https:\/\/www.ideascanner.com\/wp-content\/uploads\/2025\/06\/Zukunftsgestalter-Deutschlands-Pioniergeschichten-IDEASCANNER-1024x576.jpg 1024w, https:\/\/www.ideascanner.com\/wp-content\/uploads\/2025\/06\/Zukunftsgestalter-Deutschlands-Pioniergeschichten-IDEASCANNER-300x169.jpg 300w, https:\/\/www.ideascanner.com\/wp-content\/uploads\/2025\/06\/Zukunftsgestalter-Deutschlands-Pioniergeschichten-IDEASCANNER-768x432.jpg 768w, https:\/\/www.ideascanner.com\/wp-content\/uploads\/2025\/06\/Zukunftsgestalter-Deutschlands-Pioniergeschichten-IDEASCANNER-1536x864.jpg 1536w, https:\/\/www.ideascanner.com\/wp-content\/uploads\/2025\/06\/Zukunftsgestalter-Deutschlands-Pioniergeschichten-IDEASCANNER-2048x1152.jpg 2048w\" sizes=\"(max-width: 640px) 100vw, 640px\" \/><\/a><\/div><div id=\"panel-gb7736-69f27dabc7e49-4-0-1\" class=\"so-panel widget widget_media_image\" data-index=\"5\" ><h3 class=\"widget-title\">SCHWEDEN-RADIO<\/h3><a href=\"https:\/\/www.ideascanner.com\/de\/interview-baumepflanzen-smarter-denken-mit-ki\/\" target=\"_blank\" rel=\"noopener\"><img width=\"640\" height=\"360\" src=\"https:\/\/www.ideascanner.com\/wp-content\/uploads\/2025\/05\/Swedish-Radio-1024x576.jpg\" class=\"image wp-image-50342  attachment-large size-large\" alt=\"Swedish Radio\" loading=\"lazy\" style=\"max-width: 100%; height: auto;\" srcset=\"https:\/\/www.ideascanner.com\/wp-content\/uploads\/2025\/05\/Swedish-Radio-1024x576.jpg 1024w, https:\/\/www.ideascanner.com\/wp-content\/uploads\/2025\/05\/Swedish-Radio-300x169.jpg 300w, https:\/\/www.ideascanner.com\/wp-content\/uploads\/2025\/05\/Swedish-Radio-768x432.jpg 768w, https:\/\/www.ideascanner.com\/wp-content\/uploads\/2025\/05\/Swedish-Radio-1536x864.jpg 1536w, https:\/\/www.ideascanner.com\/wp-content\/uploads\/2025\/05\/Swedish-Radio-2048x1152.jpg 2048w\" sizes=\"(max-width: 640px) 100vw, 640px\" \/><\/a><\/div><div id=\"panel-gb7736-69f27dabc7e49-4-0-2\" class=\"so-panel widget widget_media_image panel-last-child\" data-index=\"6\" ><h3 class=\"widget-title\">SZ-ARTIKEL<\/h3><a href=\"https:\/\/www.linkedin.com\/feed\/update\/urn:li:activity:7246769540066344960\/\" target=\"_blank\" rel=\"noopener\"><img width=\"768\" height=\"432\" src=\"https:\/\/www.ideascanner.com\/wp-content\/uploads\/2024\/10\/SZ-Frauen-schaffen-Zukunft-Melanie-Stutz.jpg\" class=\"image wp-image-46160  attachment-full size-full\" alt=\"SZ-Frauen schaffen Zukunft-Melanie St\u00fctz\" loading=\"lazy\" style=\"max-width: 100%; height: auto;\" srcset=\"https:\/\/www.ideascanner.com\/wp-content\/uploads\/2024\/10\/SZ-Frauen-schaffen-Zukunft-Melanie-Stutz.jpg 768w, https:\/\/www.ideascanner.com\/wp-content\/uploads\/2024\/10\/SZ-Frauen-schaffen-Zukunft-Melanie-Stutz-300x169.jpg 300w\" sizes=\"(max-width: 768px) 100vw, 768px\" \/><\/a><\/div><\/div><div id=\"pgc-gb7736-69f27dabc7e49-4-1\"  class=\"panel-grid-cell\" ><div id=\"panel-gb7736-69f27dabc7e49-4-1-0\" class=\"so-panel widget widget_media_image panel-first-child\" data-index=\"7\" ><h3 class=\"widget-title\">FAZ-BUCH-REIHE<\/h3><a href=\"https:\/\/fazbuch.de\/produkt\/werte\/\" target=\"_blank\" rel=\"noopener\"><img width=\"844\" height=\"475\" src=\"https:\/\/www.ideascanner.com\/wp-content\/uploads\/2025\/05\/Media_FAZ-Buch_Werte_Frauen-schaffen-Zukunft.jpg\" class=\"image wp-image-50352  attachment-full size-full\" alt=\"FAZ-Buch Werte Frauen schaffen Zukunft\" loading=\"lazy\" style=\"max-width: 100%; height: auto;\" srcset=\"https:\/\/www.ideascanner.com\/wp-content\/uploads\/2025\/05\/Media_FAZ-Buch_Werte_Frauen-schaffen-Zukunft.jpg 844w, https:\/\/www.ideascanner.com\/wp-content\/uploads\/2025\/05\/Media_FAZ-Buch_Werte_Frauen-schaffen-Zukunft-300x169.jpg 300w, https:\/\/www.ideascanner.com\/wp-content\/uploads\/2025\/05\/Media_FAZ-Buch_Werte_Frauen-schaffen-Zukunft-768x432.jpg 768w\" sizes=\"(max-width: 844px) 100vw, 844px\" \/><\/a><\/div><div id=\"panel-gb7736-69f27dabc7e49-4-1-1\" class=\"so-panel widget widget_media_image\" data-index=\"8\" ><h3 class=\"widget-title\">DIGITAL-PODCAST<\/h3><a href=\"https:\/\/open.spotify.com\/episode\/2WxzcIEUSREAYgRYR0ZMy7\" target=\"_blank\" rel=\"noopener\"><img width=\"1280\" height=\"720\" src=\"https:\/\/www.ideascanner.com\/wp-content\/uploads\/2025\/12\/Podcast-zum-Springer-Fachbuch-Smarte-Transformation-fur-nachhaltiges-Wachstum-mit-KI.jpg\" class=\"image wp-image-94000  attachment-full size-full\" alt=\"Podcast zum Springer-Fachbuch Smarte Transformation f\u00fcr nachhaltiges Wachstum mit KI\" loading=\"lazy\" style=\"max-width: 100%; height: auto;\" srcset=\"https:\/\/www.ideascanner.com\/wp-content\/uploads\/2025\/12\/Podcast-zum-Springer-Fachbuch-Smarte-Transformation-fur-nachhaltiges-Wachstum-mit-KI.jpg 1280w, https:\/\/www.ideascanner.com\/wp-content\/uploads\/2025\/12\/Podcast-zum-Springer-Fachbuch-Smarte-Transformation-fur-nachhaltiges-Wachstum-mit-KI-300x169.jpg 300w, https:\/\/www.ideascanner.com\/wp-content\/uploads\/2025\/12\/Podcast-zum-Springer-Fachbuch-Smarte-Transformation-fur-nachhaltiges-Wachstum-mit-KI-1024x576.jpg 1024w, https:\/\/www.ideascanner.com\/wp-content\/uploads\/2025\/12\/Podcast-zum-Springer-Fachbuch-Smarte-Transformation-fur-nachhaltiges-Wachstum-mit-KI-768x432.jpg 768w\" sizes=\"(max-width: 1280px) 100vw, 1280px\" \/><\/a><\/div><div id=\"panel-gb7736-69f27dabc7e49-4-1-2\" class=\"so-panel widget widget_media_image panel-last-child\" data-index=\"9\" ><h3 class=\"widget-title\">INNOVATIONS-BEITRAG<\/h3><a href=\"https:\/\/fosteringinnovation.de\/innovation-die-fortsetzung-der-evolution-durch-den-menschen\/\" target=\"_blank\" rel=\"noopener\"><img width=\"640\" height=\"360\" src=\"https:\/\/www.ideascanner.com\/wp-content\/uploads\/2021\/05\/Fostering-Innovation-IDEASCANNER-Potential-1-1024x576.jpg\" class=\"image wp-image-13585  attachment-large size-large\" alt=\"Fostering Innovation IDEASCANNER Potential\" loading=\"lazy\" style=\"max-width: 100%; height: auto;\" srcset=\"https:\/\/www.ideascanner.com\/wp-content\/uploads\/2021\/05\/Fostering-Innovation-IDEASCANNER-Potential-1-1024x576.jpg 1024w, https:\/\/www.ideascanner.com\/wp-content\/uploads\/2021\/05\/Fostering-Innovation-IDEASCANNER-Potential-1-300x169.jpg 300w, https:\/\/www.ideascanner.com\/wp-content\/uploads\/2021\/05\/Fostering-Innovation-IDEASCANNER-Potential-1-768x432.jpg 768w, https:\/\/www.ideascanner.com\/wp-content\/uploads\/2021\/05\/Fostering-Innovation-IDEASCANNER-Potential-1-1536x863.jpg 1536w, https:\/\/www.ideascanner.com\/wp-content\/uploads\/2021\/05\/Fostering-Innovation-IDEASCANNER-Potential-1-2048x1151.jpg 2048w\" sizes=\"(max-width: 640px) 100vw, 640px\" \/><\/a><\/div><\/div><div id=\"pgc-gb7736-69f27dabc7e49-4-2\"  class=\"panel-grid-cell\" ><div id=\"panel-gb7736-69f27dabc7e49-4-2-0\" class=\"so-panel widget widget_media_image panel-first-child\" data-index=\"10\" ><h3 class=\"widget-title\">SPRINGER-BUCH<\/h3><a href=\"https:\/\/link.springer.com\/rwe\/10.1007\/978-3-658-46399-1_4-1\" target=\"_blank\" rel=\"noopener\"><img width=\"640\" height=\"360\" src=\"https:\/\/www.ideascanner.com\/wp-content\/uploads\/2025\/12\/Buch-Smarte-Transformation-fur-nachhaltiges-Wachstum-mit-KI-1024x576.jpg\" class=\"image wp-image-93991  attachment-large size-large\" alt=\"Buch Smarte Transformation f\u00fcr nachhaltiges Wachstum mit KI\" loading=\"lazy\" style=\"max-width: 100%; height: auto;\" title=\"BUSINESS BUCH\" srcset=\"https:\/\/www.ideascanner.com\/wp-content\/uploads\/2025\/12\/Buch-Smarte-Transformation-fur-nachhaltiges-Wachstum-mit-KI-1024x576.jpg 1024w, https:\/\/www.ideascanner.com\/wp-content\/uploads\/2025\/12\/Buch-Smarte-Transformation-fur-nachhaltiges-Wachstum-mit-KI-300x169.jpg 300w, https:\/\/www.ideascanner.com\/wp-content\/uploads\/2025\/12\/Buch-Smarte-Transformation-fur-nachhaltiges-Wachstum-mit-KI-768x432.jpg 768w, https:\/\/www.ideascanner.com\/wp-content\/uploads\/2025\/12\/Buch-Smarte-Transformation-fur-nachhaltiges-Wachstum-mit-KI.jpg 1280w\" sizes=\"(max-width: 640px) 100vw, 640px\" \/><\/a><\/div><div id=\"panel-gb7736-69f27dabc7e49-4-2-1\" class=\"so-panel widget widget_media_image\" data-index=\"11\" ><h3 class=\"widget-title\">SWR1-PODCAST<\/h3><a href=\"https:\/\/www.ideascanner.com\/de\/swr1-leute-podcast-melanie-andreas-stuetz\/\" target=\"_blank\" rel=\"noopener\"><img width=\"640\" height=\"360\" src=\"https:\/\/www.ideascanner.com\/wp-content\/uploads\/2022\/06\/Podcast-Melanie-Andreas-Stutz-1024x576.png\" class=\"image wp-image-26040  attachment-large size-large\" alt=\"\" loading=\"lazy\" style=\"max-width: 100%; height: auto;\" srcset=\"https:\/\/www.ideascanner.com\/wp-content\/uploads\/2022\/06\/Podcast-Melanie-Andreas-Stutz-1024x576.png 1024w, https:\/\/www.ideascanner.com\/wp-content\/uploads\/2022\/06\/Podcast-Melanie-Andreas-Stutz-300x169.png 300w, https:\/\/www.ideascanner.com\/wp-content\/uploads\/2022\/06\/Podcast-Melanie-Andreas-Stutz-768x432.png 768w, https:\/\/www.ideascanner.com\/wp-content\/uploads\/2022\/06\/Podcast-Melanie-Andreas-Stutz.png 1072w\" sizes=\"(max-width: 640px) 100vw, 640px\" \/><\/a><\/div><div id=\"panel-gb7736-69f27dabc7e49-4-2-2\" class=\"so-panel widget widget_media_image panel-last-child\" data-index=\"12\" ><h3 class=\"widget-title\">DW &#038; FOCUS MONEY<\/h3><a href=\"https:\/\/www.focus.de\/finanzen\/news\/groesse-und-netzwerke-sind-fuer-gruenderinnen-schluessel-zum-erfolg_id_10614148.html\" target=\"_blank\" rel=\"noopener\"><img width=\"800\" height=\"450\" src=\"https:\/\/www.ideascanner.com\/wp-content\/uploads\/2019\/11\/Focus-800-450.jpg\" class=\"image wp-image-7740  attachment-full size-full\" alt=\"\" loading=\"lazy\" style=\"max-width: 100%; height: auto;\" srcset=\"https:\/\/www.ideascanner.com\/wp-content\/uploads\/2019\/11\/Focus-800-450.jpg 800w, https:\/\/www.ideascanner.com\/wp-content\/uploads\/2019\/11\/Focus-800-450-300x169.jpg 300w, https:\/\/www.ideascanner.com\/wp-content\/uploads\/2019\/11\/Focus-800-450-768x432.jpg 768w\" sizes=\"(max-width: 800px) 100vw, 800px\" \/><\/a><\/div><\/div><div id=\"pgc-gb7736-69f27dabc7e49-4-3\"  class=\"panel-grid-cell\" ><div id=\"panel-gb7736-69f27dabc7e49-4-3-0\" class=\"so-panel widget widget_media_image panel-first-child\" data-index=\"13\" ><h3 class=\"widget-title\">EU-KOMMISSIONS-REDE<\/h3><a href=\"https:\/\/www.ideascanner.com\/de\/rednerin-grunes-unternehmertum-mit-ki\/\" target=\"_blank\" rel=\"noopener\"><img width=\"640\" height=\"359\" src=\"https:\/\/www.ideascanner.com\/wp-content\/uploads\/2025\/05\/Speaker-AI-for-Climate-Action-at-EC-1024x575.jpg\" class=\"image wp-image-50340  attachment-large size-large\" alt=\"\" loading=\"lazy\" style=\"max-width: 100%; height: auto;\" srcset=\"https:\/\/www.ideascanner.com\/wp-content\/uploads\/2025\/05\/Speaker-AI-for-Climate-Action-at-EC-1024x575.jpg 1024w, https:\/\/www.ideascanner.com\/wp-content\/uploads\/2025\/05\/Speaker-AI-for-Climate-Action-at-EC-300x168.jpg 300w, https:\/\/www.ideascanner.com\/wp-content\/uploads\/2025\/05\/Speaker-AI-for-Climate-Action-at-EC-768x431.jpg 768w, https:\/\/www.ideascanner.com\/wp-content\/uploads\/2025\/05\/Speaker-AI-for-Climate-Action-at-EC-1536x862.jpg 1536w, https:\/\/www.ideascanner.com\/wp-content\/uploads\/2025\/05\/Speaker-AI-for-Climate-Action-at-EC-2048x1150.jpg 2048w\" sizes=\"(max-width: 640px) 100vw, 640px\" \/><\/a><\/div><div id=\"panel-gb7736-69f27dabc7e49-4-3-1\" class=\"so-panel widget widget_media_image\" data-index=\"14\" ><h3 class=\"widget-title\">IHK-INTERVIEW<\/h3><a href=\"https:\/\/magazin.ihk-muenchen.de\/fileadmin\/eigene_dateien\/ihk_magazin\/ausgaben\/2021\/IHK_0921_web.pdf\" target=\"_blank\" rel=\"noopener\"><img width=\"640\" height=\"359\" src=\"https:\/\/www.ideascanner.com\/wp-content\/uploads\/2022\/11\/Beirat-Digitalisierung-Impulsgeber-Sparringspartner-1024x575.jpg\" class=\"image wp-image-32977  attachment-large size-large\" alt=\"\" loading=\"lazy\" style=\"max-width: 100%; height: auto;\" srcset=\"https:\/\/www.ideascanner.com\/wp-content\/uploads\/2022\/11\/Beirat-Digitalisierung-Impulsgeber-Sparringspartner-1024x575.jpg 1024w, https:\/\/www.ideascanner.com\/wp-content\/uploads\/2022\/11\/Beirat-Digitalisierung-Impulsgeber-Sparringspartner-300x168.jpg 300w, https:\/\/www.ideascanner.com\/wp-content\/uploads\/2022\/11\/Beirat-Digitalisierung-Impulsgeber-Sparringspartner-768x431.jpg 768w, https:\/\/www.ideascanner.com\/wp-content\/uploads\/2022\/11\/Beirat-Digitalisierung-Impulsgeber-Sparringspartner-1536x862.jpg 1536w, https:\/\/www.ideascanner.com\/wp-content\/uploads\/2022\/11\/Beirat-Digitalisierung-Impulsgeber-Sparringspartner-2048x1150.jpg 2048w\" sizes=\"(max-width: 640px) 100vw, 640px\" \/><\/a><\/div><div id=\"panel-gb7736-69f27dabc7e49-4-3-2\" class=\"so-panel widget widget_media_image panel-last-child\" data-index=\"15\" ><h3 class=\"widget-title\">TV-DOKU<\/h3><a href=\"https:\/\/www.ideascanner.com\/de\/eine-einzigartige-fluchtlingsgeschichte-vom-mauerfall-bis-zum-tag-der-deutschen-einheit\/\" target=\"_blank\" rel=\"noopener\"><img width=\"800\" height=\"450\" src=\"https:\/\/www.ideascanner.com\/wp-content\/uploads\/2019\/11\/Zug-800-450.jpg\" class=\"image wp-image-7743  attachment-full size-full\" alt=\"\" loading=\"lazy\" style=\"max-width: 100%; height: auto;\" srcset=\"https:\/\/www.ideascanner.com\/wp-content\/uploads\/2019\/11\/Zug-800-450.jpg 800w, https:\/\/www.ideascanner.com\/wp-content\/uploads\/2019\/11\/Zug-800-450-300x169.jpg 300w, https:\/\/www.ideascanner.com\/wp-content\/uploads\/2019\/11\/Zug-800-450-768x432.jpg 768w\" sizes=\"(max-width: 800px) 100vw, 800px\" \/><\/a><\/div><\/div><\/div><\/div>\n\n\n<p><\/p>\n","protected":false},"excerpt":{"rendered":"<p>Media IDEASCANNER demokratisiert das Expertenwissen erfolgreicher Wagniskapitalgeber mit KI. Die preisgekr\u00f6nte KI-Co-Unternehmerin bef\u00e4higt auch nachhaltige Gesch\u00e4ftsideen zu skalieren und macht f\u00fcr Investor:innen messbar, wie sich ihr Investment vervielfachen kann. IDEASCANNER ist in mehreren Wirtschaftsb\u00fcchern mit Erfolgsgeschichten vertreten, u.a. dar\u00fcber, wie man mit KI den Unternehmenswert steigern kann.\u00a0Das Unternehmerpaar hinter IDEASCANNER, Melanie und Andreas G. St\u00fctz,&#8230;<\/p>\n","protected":false},"author":1,"featured_media":0,"parent":0,"menu_order":0,"comment_status":"closed","ping_status":"closed","template":"","meta":{"om_disable_all_campaigns":false,"_monsterinsights_skip_tracking":false,"_monsterinsights_sitenote_active":false,"_monsterinsights_sitenote_note":"","_monsterinsights_sitenote_category":0,"_uf_show_specific_survey":0,"_uf_disable_surveys":false},"yoast_head":"<!-- This site is optimized with the Yoast SEO plugin v19.13 - https:\/\/yoast.com\/wordpress\/plugins\/seo\/ -->\n<title>Media - IDEASCANNER - Think smarter with AI<\/title>\n<meta name=\"description\" content=\"IDEASCANNER in den Medien: von Buchbeitr\u00e4gen \u00fcber Zeitungsinterviews bis TV-Dokumentationen, Frauen in KI, KI-Speakerin, KI-Beir\u00e4tin,\" \/>\n<meta name=\"robots\" content=\"index, follow, max-snippet:-1, max-image-preview:large, max-video-preview:-1\" \/>\n<link rel=\"canonical\" href=\"https:\/\/www.ideascanner.com\/de\/in-den-medien\/\" \/>\n<meta property=\"og:locale\" content=\"de_DE\" \/>\n<meta property=\"og:type\" content=\"article\" \/>\n<meta property=\"og:title\" content=\"Media - IDEASCANNER - Think smarter with AI\" \/>\n<meta property=\"og:description\" content=\"IDEASCANNER in den Medien: von Buchbeitr\u00e4gen \u00fcber Zeitungsinterviews bis TV-Dokumentationen, Frauen in KI, KI-Speakerin, KI-Beir\u00e4tin,\" \/>\n<meta property=\"og:url\" content=\"https:\/\/www.ideascanner.com\/de\/in-den-medien\/\" \/>\n<meta property=\"og:site_name\" content=\"IDEASCANNER - Think smarter with AI\" \/>\n<meta property=\"article:modified_time\" content=\"2026-03-09T13:27:50+00:00\" \/>\n<meta name=\"twitter:card\" content=\"summary_large_image\" \/>\n<script type=\"application\/ld+json\" class=\"yoast-schema-graph\">{\"@context\":\"https:\/\/schema.org\",\"@graph\":[{\"@type\":\"WebPage\",\"@id\":\"https:\/\/www.ideascanner.com\/de\/in-den-medien\/\",\"url\":\"https:\/\/www.ideascanner.com\/de\/in-den-medien\/\",\"name\":\"Media - IDEASCANNER - Think smarter with AI\",\"isPartOf\":{\"@id\":\"https:\/\/www.ideascanner.com\/#website\"},\"datePublished\":\"2020-08-25T15:22:05+00:00\",\"dateModified\":\"2026-03-09T13:27:50+00:00\",\"description\":\"IDEASCANNER in den Medien: von Buchbeitr\u00e4gen \u00fcber Zeitungsinterviews bis TV-Dokumentationen, Frauen in KI, KI-Speakerin, KI-Beir\u00e4tin,\",\"breadcrumb\":{\"@id\":\"https:\/\/www.ideascanner.com\/de\/in-den-medien\/#breadcrumb\"},\"inLanguage\":\"de\",\"potentialAction\":[{\"@type\":\"ReadAction\",\"target\":[\"https:\/\/www.ideascanner.com\/de\/in-den-medien\/\"]}]},{\"@type\":\"BreadcrumbList\",\"@id\":\"https:\/\/www.ideascanner.com\/de\/in-den-medien\/#breadcrumb\",\"itemListElement\":[{\"@type\":\"ListItem\",\"position\":1,\"name\":\"Home\",\"item\":\"https:\/\/www.ideascanner.com\/de\/\"},{\"@type\":\"ListItem\",\"position\":2,\"name\":\"Media\"}]},{\"@type\":\"WebSite\",\"@id\":\"https:\/\/www.ideascanner.com\/#website\",\"url\":\"https:\/\/www.ideascanner.com\/\",\"name\":\"IDEASCANNER - Think smarter with AI\",\"description\":\"Steigern Sie Ihren Unternehmenswert mit k\u00fcnstlicher Intelligenz\",\"publisher\":{\"@id\":\"https:\/\/www.ideascanner.com\/#organization\"},\"potentialAction\":[{\"@type\":\"SearchAction\",\"target\":{\"@type\":\"EntryPoint\",\"urlTemplate\":\"https:\/\/www.ideascanner.com\/?s={search_term_string}\"},\"query-input\":\"required name=search_term_string\"}],\"inLanguage\":\"de\"},{\"@type\":\"Organization\",\"@id\":\"https:\/\/www.ideascanner.com\/#organization\",\"name\":\"IDEASCANNER\",\"url\":\"https:\/\/www.ideascanner.com\/\",\"logo\":{\"@type\":\"ImageObject\",\"inLanguage\":\"de\",\"@id\":\"https:\/\/www.ideascanner.com\/#\/schema\/logo\/image\/\",\"url\":\"https:\/\/www.ideascanner.com\/wp-content\/uploads\/2020\/08\/grey_logo_transparent.png\",\"contentUrl\":\"https:\/\/www.ideascanner.com\/wp-content\/uploads\/2020\/08\/grey_logo_transparent.png\",\"width\":3142,\"height\":1575,\"caption\":\"IDEASCANNER\"},\"image\":{\"@id\":\"https:\/\/www.ideascanner.com\/#\/schema\/logo\/image\/\"}}]}<\/script>\n<!-- \/ Yoast SEO plugin. -->","yoast_head_json":{"title":"Media - IDEASCANNER - Think smarter with AI","description":"IDEASCANNER in den Medien: von Buchbeitr\u00e4gen \u00fcber Zeitungsinterviews bis TV-Dokumentationen, Frauen in KI, KI-Speakerin, KI-Beir\u00e4tin,","robots":{"index":"index","follow":"follow","max-snippet":"max-snippet:-1","max-image-preview":"max-image-preview:large","max-video-preview":"max-video-preview:-1"},"canonical":"https:\/\/www.ideascanner.com\/de\/in-den-medien\/","og_locale":"de_DE","og_type":"article","og_title":"Media - IDEASCANNER - Think smarter with AI","og_description":"IDEASCANNER in den Medien: von Buchbeitr\u00e4gen \u00fcber Zeitungsinterviews bis TV-Dokumentationen, Frauen in KI, KI-Speakerin, KI-Beir\u00e4tin,","og_url":"https:\/\/www.ideascanner.com\/de\/in-den-medien\/","og_site_name":"IDEASCANNER - Think smarter with AI","article_modified_time":"2026-03-09T13:27:50+00:00","twitter_card":"summary_large_image","schema":{"@context":"https:\/\/schema.org","@graph":[{"@type":"WebPage","@id":"https:\/\/www.ideascanner.com\/de\/in-den-medien\/","url":"https:\/\/www.ideascanner.com\/de\/in-den-medien\/","name":"Media - IDEASCANNER - Think smarter with AI","isPartOf":{"@id":"https:\/\/www.ideascanner.com\/#website"},"datePublished":"2020-08-25T15:22:05+00:00","dateModified":"2026-03-09T13:27:50+00:00","description":"IDEASCANNER in den Medien: von Buchbeitr\u00e4gen \u00fcber Zeitungsinterviews bis TV-Dokumentationen, Frauen in KI, KI-Speakerin, KI-Beir\u00e4tin,","breadcrumb":{"@id":"https:\/\/www.ideascanner.com\/de\/in-den-medien\/#breadcrumb"},"inLanguage":"de","potentialAction":[{"@type":"ReadAction","target":["https:\/\/www.ideascanner.com\/de\/in-den-medien\/"]}]},{"@type":"BreadcrumbList","@id":"https:\/\/www.ideascanner.com\/de\/in-den-medien\/#breadcrumb","itemListElement":[{"@type":"ListItem","position":1,"name":"Home","item":"https:\/\/www.ideascanner.com\/de\/"},{"@type":"ListItem","position":2,"name":"Media"}]},{"@type":"WebSite","@id":"https:\/\/www.ideascanner.com\/#website","url":"https:\/\/www.ideascanner.com\/","name":"IDEASCANNER - Think smarter with AI","description":"Steigern Sie Ihren Unternehmenswert mit k\u00fcnstlicher Intelligenz","publisher":{"@id":"https:\/\/www.ideascanner.com\/#organization"},"potentialAction":[{"@type":"SearchAction","target":{"@type":"EntryPoint","urlTemplate":"https:\/\/www.ideascanner.com\/?s={search_term_string}"},"query-input":"required name=search_term_string"}],"inLanguage":"de"},{"@type":"Organization","@id":"https:\/\/www.ideascanner.com\/#organization","name":"IDEASCANNER","url":"https:\/\/www.ideascanner.com\/","logo":{"@type":"ImageObject","inLanguage":"de","@id":"https:\/\/www.ideascanner.com\/#\/schema\/logo\/image\/","url":"https:\/\/www.ideascanner.com\/wp-content\/uploads\/2020\/08\/grey_logo_transparent.png","contentUrl":"https:\/\/www.ideascanner.com\/wp-content\/uploads\/2020\/08\/grey_logo_transparent.png","width":3142,"height":1575,"caption":"IDEASCANNER"},"image":{"@id":"https:\/\/www.ideascanner.com\/#\/schema\/logo\/image\/"}}]}},"_links":{"self":[{"href":"https:\/\/www.ideascanner.com\/de\/wp-json\/wp\/v2\/pages\/7736"}],"collection":[{"href":"https:\/\/www.ideascanner.com\/de\/wp-json\/wp\/v2\/pages"}],"about":[{"href":"https:\/\/www.ideascanner.com\/de\/wp-json\/wp\/v2\/types\/page"}],"author":[{"embeddable":true,"href":"https:\/\/www.ideascanner.com\/de\/wp-json\/wp\/v2\/users\/1"}],"replies":[{"embeddable":true,"href":"https:\/\/www.ideascanner.com\/de\/wp-json\/wp\/v2\/comments?post=7736"}],"version-history":[{"count":157,"href":"https:\/\/www.ideascanner.com\/de\/wp-json\/wp\/v2\/pages\/7736\/revisions"}],"predecessor-version":[{"id":95323,"href":"https:\/\/www.ideascanner.com\/de\/wp-json\/wp\/v2\/pages\/7736\/revisions\/95323"}],"wp:attachment":[{"href":"https:\/\/www.ideascanner.com\/de\/wp-json\/wp\/v2\/media?parent=7736"}],"curies":[{"name":"wp","href":"https:\/\/api.w.org\/{rel}","templated":true}]}}