{"id":7788,"date":"2020-08-25T17:42:11","date_gmt":"2020-08-25T15:42:11","guid":{"rendered":"https:\/\/www.ideascanner.com\/fuhrende-strategieberatung-mit-ki\/"},"modified":"2022-10-21T16:12:32","modified_gmt":"2022-10-21T14:12:32","slug":"unternehmenswertsteigerung","status":"publish","type":"page","link":"https:\/\/www.ideascanner.com\/de\/unternehmenswertsteigerung\/","title":{"rendered":"Unternehmenswertsteigerung"},"content":{"rendered":"<div id=\"pl-397\" class=\"panel-layout\">\n<div id=\"pg-397-0\" class=\"panel-grid panel-no-style\" data-style=\"{\" data-ratio=\"1\" data-ratio-direction=\"right\">\n<div id=\"pgc-397-0-0\" class=\"panel-grid-cell\" data-weight=\"1\">\n<div id=\"panel-397-0-0-0\" class=\"so-panel widget widget_black-studio-tinymce widget_black_studio_tinymce panel-first-child panel-last-child\" data-index=\"0\" data-style=\"{\">\n<div class=\"textwidget\">\n<p style=\"text-align: center;\"><span style=\"font-size: 18px;\">Als Innovationsf\u00fchrer setzt IDEASCANNER k\u00fcnstliche Intelligenz (KI) ein zur Unternehmenswertsteigerung. Damit werden Gesch\u00e4ftsideen &amp; -positionierungen erstmals messbar. <\/span><span style=\"font-size: 18px;\">IDEASCANNER macht die Schw\u00e4chen von Gesch\u00e4ftsmodellen radikal transparent. Das Ergebnis ist ein detaillierter Aktionsplan f\u00fcr eine <strong>erfolgreiche Transformation &amp; nachhaltige Innovation mit neuen Gesch\u00e4ftsm\u00f6glichkeiten<\/strong>. IDEASCANNER zeigt auf, wie das <strong>Umsatzpotenzial in den n\u00e4chsten f\u00fcnf Jahren vervielfacht<\/strong> werden kann und ist laut Kund:innen:<em> \u201esehr wertvoll\u201c, \u201eein Eye Opener &amp; viel effektiver als alles andere\u201c<\/em>.<\/span><\/p>\n<\/div>\n<\/div>\n<\/div>\n<\/div>\n<\/div>\n","protected":false},"excerpt":{"rendered":"<p>Als Innovationsf\u00fchrer setzt IDEASCANNER k\u00fcnstliche Intelligenz (KI) ein zur Unternehmenswertsteigerung. Damit werden Gesch\u00e4ftsideen &amp; -positionierungen erstmals messbar. IDEASCANNER macht die Schw\u00e4chen von Gesch\u00e4ftsmodellen radikal transparent. Das Ergebnis ist ein detaillierter Aktionsplan f\u00fcr eine erfolgreiche Transformation &amp; nachhaltige Innovation mit neuen Gesch\u00e4ftsm\u00f6glichkeiten. IDEASCANNER zeigt auf, wie das Umsatzpotenzial in den n\u00e4chsten f\u00fcnf Jahren vervielfacht werden kann&#8230;<\/p>\n","protected":false},"author":1,"featured_media":0,"parent":0,"menu_order":0,"comment_status":"closed","ping_status":"closed","template":"home-page.php","meta":{"om_disable_all_campaigns":false,"_monsterinsights_skip_tracking":false,"_monsterinsights_sitenote_active":false,"_monsterinsights_sitenote_note":"","_monsterinsights_sitenote_category":0,"_uf_show_specific_survey":0,"_uf_disable_surveys":false},"yoast_head":"<!-- This site is optimized with the Yoast SEO plugin v19.13 - https:\/\/yoast.com\/wordpress\/plugins\/seo\/ -->\n<title>Unternehmenswertsteigerung - IDEASCANNER - Think smarter with AI<\/title>\n<meta name=\"description\" content=\"Als Innovationsf\u00fchrer setzt IDEASCANNER k\u00fcnstliche Intelligenz (KI) ein zur Unternehmenswertsteigerung. Damit werden Gesch\u00e4ftsideen und\" \/>\n<meta name=\"robots\" content=\"index, follow, max-snippet:-1, max-image-preview:large, max-video-preview:-1\" \/>\n<link rel=\"canonical\" href=\"https:\/\/www.ideascanner.com\/de\/unternehmenswertsteigerung\/\" \/>\n<meta property=\"og:locale\" content=\"de_DE\" \/>\n<meta property=\"og:type\" content=\"article\" \/>\n<meta property=\"og:title\" content=\"Unternehmenswertsteigerung - IDEASCANNER - Think smarter with AI\" \/>\n<meta property=\"og:description\" content=\"Als Innovationsf\u00fchrer setzt IDEASCANNER k\u00fcnstliche Intelligenz (KI) ein zur Unternehmenswertsteigerung. Damit werden Gesch\u00e4ftsideen und\" \/>\n<meta property=\"og:url\" content=\"https:\/\/www.ideascanner.com\/de\/unternehmenswertsteigerung\/\" \/>\n<meta property=\"og:site_name\" content=\"IDEASCANNER - Think smarter with AI\" \/>\n<meta property=\"article:modified_time\" content=\"2022-10-21T14:12:32+00:00\" \/>\n<meta name=\"twitter:card\" content=\"summary_large_image\" \/>\n<meta name=\"twitter:label1\" content=\"Gesch\u00e4tzte Lesezeit\" \/>\n\t<meta name=\"twitter:data1\" content=\"1\u00a0Minute\" \/>\n<script type=\"application\/ld+json\" class=\"yoast-schema-graph\">{\"@context\":\"https:\/\/schema.org\",\"@graph\":[{\"@type\":\"WebPage\",\"@id\":\"https:\/\/www.ideascanner.com\/de\/unternehmenswertsteigerung\/\",\"url\":\"https:\/\/www.ideascanner.com\/de\/unternehmenswertsteigerung\/\",\"name\":\"Unternehmenswertsteigerung - IDEASCANNER - Think smarter with AI\",\"isPartOf\":{\"@id\":\"https:\/\/www.ideascanner.com\/#website\"},\"datePublished\":\"2020-08-25T15:42:11+00:00\",\"dateModified\":\"2022-10-21T14:12:32+00:00\",\"description\":\"Als Innovationsf\u00fchrer setzt IDEASCANNER k\u00fcnstliche Intelligenz (KI) ein zur Unternehmenswertsteigerung. Damit werden Gesch\u00e4ftsideen und\",\"breadcrumb\":{\"@id\":\"https:\/\/www.ideascanner.com\/de\/unternehmenswertsteigerung\/#breadcrumb\"},\"inLanguage\":\"de\",\"potentialAction\":[{\"@type\":\"ReadAction\",\"target\":[\"https:\/\/www.ideascanner.com\/de\/unternehmenswertsteigerung\/\"]}]},{\"@type\":\"BreadcrumbList\",\"@id\":\"https:\/\/www.ideascanner.com\/de\/unternehmenswertsteigerung\/#breadcrumb\",\"itemListElement\":[{\"@type\":\"ListItem\",\"position\":1,\"name\":\"Home\",\"item\":\"https:\/\/www.ideascanner.com\/de\/\"},{\"@type\":\"ListItem\",\"position\":2,\"name\":\"Unternehmenswertsteigerung\"}]},{\"@type\":\"WebSite\",\"@id\":\"https:\/\/www.ideascanner.com\/#website\",\"url\":\"https:\/\/www.ideascanner.com\/\",\"name\":\"IDEASCANNER - Think smarter with AI\",\"description\":\"Steigern Sie Ihren Unternehmenswert mit k\u00fcnstlicher Intelligenz\",\"publisher\":{\"@id\":\"https:\/\/www.ideascanner.com\/#organization\"},\"potentialAction\":[{\"@type\":\"SearchAction\",\"target\":{\"@type\":\"EntryPoint\",\"urlTemplate\":\"https:\/\/www.ideascanner.com\/?s={search_term_string}\"},\"query-input\":\"required name=search_term_string\"}],\"inLanguage\":\"de\"},{\"@type\":\"Organization\",\"@id\":\"https:\/\/www.ideascanner.com\/#organization\",\"name\":\"IDEASCANNER\",\"url\":\"https:\/\/www.ideascanner.com\/\",\"logo\":{\"@type\":\"ImageObject\",\"inLanguage\":\"de\",\"@id\":\"https:\/\/www.ideascanner.com\/#\/schema\/logo\/image\/\",\"url\":\"https:\/\/www.ideascanner.com\/wp-content\/uploads\/2020\/08\/grey_logo_transparent.png\",\"contentUrl\":\"https:\/\/www.ideascanner.com\/wp-content\/uploads\/2020\/08\/grey_logo_transparent.png\",\"width\":3142,\"height\":1575,\"caption\":\"IDEASCANNER\"},\"image\":{\"@id\":\"https:\/\/www.ideascanner.com\/#\/schema\/logo\/image\/\"}}]}<\/script>\n<!-- \/ Yoast SEO plugin. -->","yoast_head_json":{"title":"Unternehmenswertsteigerung - IDEASCANNER - Think smarter with AI","description":"Als Innovationsf\u00fchrer setzt IDEASCANNER k\u00fcnstliche Intelligenz (KI) ein zur Unternehmenswertsteigerung. Damit werden Gesch\u00e4ftsideen und","robots":{"index":"index","follow":"follow","max-snippet":"max-snippet:-1","max-image-preview":"max-image-preview:large","max-video-preview":"max-video-preview:-1"},"canonical":"https:\/\/www.ideascanner.com\/de\/unternehmenswertsteigerung\/","og_locale":"de_DE","og_type":"article","og_title":"Unternehmenswertsteigerung - IDEASCANNER - Think smarter with AI","og_description":"Als Innovationsf\u00fchrer setzt IDEASCANNER k\u00fcnstliche Intelligenz (KI) ein zur Unternehmenswertsteigerung. Damit werden Gesch\u00e4ftsideen und","og_url":"https:\/\/www.ideascanner.com\/de\/unternehmenswertsteigerung\/","og_site_name":"IDEASCANNER - Think smarter with AI","article_modified_time":"2022-10-21T14:12:32+00:00","twitter_card":"summary_large_image","twitter_misc":{"Gesch\u00e4tzte Lesezeit":"1\u00a0Minute"},"schema":{"@context":"https:\/\/schema.org","@graph":[{"@type":"WebPage","@id":"https:\/\/www.ideascanner.com\/de\/unternehmenswertsteigerung\/","url":"https:\/\/www.ideascanner.com\/de\/unternehmenswertsteigerung\/","name":"Unternehmenswertsteigerung - IDEASCANNER - Think smarter with AI","isPartOf":{"@id":"https:\/\/www.ideascanner.com\/#website"},"datePublished":"2020-08-25T15:42:11+00:00","dateModified":"2022-10-21T14:12:32+00:00","description":"Als Innovationsf\u00fchrer setzt IDEASCANNER k\u00fcnstliche Intelligenz (KI) ein zur Unternehmenswertsteigerung. Damit werden Gesch\u00e4ftsideen und","breadcrumb":{"@id":"https:\/\/www.ideascanner.com\/de\/unternehmenswertsteigerung\/#breadcrumb"},"inLanguage":"de","potentialAction":[{"@type":"ReadAction","target":["https:\/\/www.ideascanner.com\/de\/unternehmenswertsteigerung\/"]}]},{"@type":"BreadcrumbList","@id":"https:\/\/www.ideascanner.com\/de\/unternehmenswertsteigerung\/#breadcrumb","itemListElement":[{"@type":"ListItem","position":1,"name":"Home","item":"https:\/\/www.ideascanner.com\/de\/"},{"@type":"ListItem","position":2,"name":"Unternehmenswertsteigerung"}]},{"@type":"WebSite","@id":"https:\/\/www.ideascanner.com\/#website","url":"https:\/\/www.ideascanner.com\/","name":"IDEASCANNER - Think smarter with AI","description":"Steigern Sie Ihren Unternehmenswert mit k\u00fcnstlicher Intelligenz","publisher":{"@id":"https:\/\/www.ideascanner.com\/#organization"},"potentialAction":[{"@type":"SearchAction","target":{"@type":"EntryPoint","urlTemplate":"https:\/\/www.ideascanner.com\/?s={search_term_string}"},"query-input":"required name=search_term_string"}],"inLanguage":"de"},{"@type":"Organization","@id":"https:\/\/www.ideascanner.com\/#organization","name":"IDEASCANNER","url":"https:\/\/www.ideascanner.com\/","logo":{"@type":"ImageObject","inLanguage":"de","@id":"https:\/\/www.ideascanner.com\/#\/schema\/logo\/image\/","url":"https:\/\/www.ideascanner.com\/wp-content\/uploads\/2020\/08\/grey_logo_transparent.png","contentUrl":"https:\/\/www.ideascanner.com\/wp-content\/uploads\/2020\/08\/grey_logo_transparent.png","width":3142,"height":1575,"caption":"IDEASCANNER"},"image":{"@id":"https:\/\/www.ideascanner.com\/#\/schema\/logo\/image\/"}}]}},"_links":{"self":[{"href":"https:\/\/www.ideascanner.com\/de\/wp-json\/wp\/v2\/pages\/7788"}],"collection":[{"href":"https:\/\/www.ideascanner.com\/de\/wp-json\/wp\/v2\/pages"}],"about":[{"href":"https:\/\/www.ideascanner.com\/de\/wp-json\/wp\/v2\/types\/page"}],"author":[{"embeddable":true,"href":"https:\/\/www.ideascanner.com\/de\/wp-json\/wp\/v2\/users\/1"}],"replies":[{"embeddable":true,"href":"https:\/\/www.ideascanner.com\/de\/wp-json\/wp\/v2\/comments?post=7788"}],"version-history":[{"count":18,"href":"https:\/\/www.ideascanner.com\/de\/wp-json\/wp\/v2\/pages\/7788\/revisions"}],"predecessor-version":[{"id":31459,"href":"https:\/\/www.ideascanner.com\/de\/wp-json\/wp\/v2\/pages\/7788\/revisions\/31459"}],"wp:attachment":[{"href":"https:\/\/www.ideascanner.com\/de\/wp-json\/wp\/v2\/media?parent=7788"}],"curies":[{"name":"wp","href":"https:\/\/api.w.org\/{rel}","templated":true}]}}